{"id":5681,"date":"2024-01-15T14:23:10","date_gmt":"2024-01-15T14:23:10","guid":{"rendered":"https:\/\/vikingr.nl\/umweltfreundliches-streusalz\/"},"modified":"2025-09-09T08:06:14","modified_gmt":"2025-09-09T08:06:14","slug":"umweltfreundliches-streusalz","status":"publish","type":"page","link":"https:\/\/vikingr.nl\/de\/umweltfreundliches-streusalz\/","title":{"rendered":"Umweltfreundliches Streusalz"},"content":{"rendered":"<p>[vc_row row_type=&#8220;row&#8220; content_width=&#8220;grid&#8220; anchor=&#8220;&#8220; content_aligment=&#8220;left&#8220; css_animation=&#8220;&#8220;][vc_column][vc_empty_space height=&#8220;65px&#8220;][vc_column_text]<\/p>\n<h3 class=\"woocommerce-products-header__title page-title\"><strong>Umweltfreundliches Streusalz<\/strong><\/h3>\n<p>[\/vc_column_text][vc_empty_space height=&#8220;60px&#8220;][vc_column_text]<\/p>\n<h6>Streusalz mit positiven Auswirkungen auf die Umwelt \u2013 ist das m\u00f6glich? Ja, nat\u00fcrlich! <\/h6>\n<p>[\/vc_column_text][vc_empty_space height=&#8220;25px&#8220;][vc_row_inner row_type=&#8220;row&#8220; content_width=&#8220;full-width&#8220; content_aligment=&#8220;left&#8220; css_animation=&#8220;&#8220;][vc_column_inner width=&#8220;1\/2&#8243;][vc_column_text]Herk\u00f6mmliches Streusalz hat negative Auswirkungen auf Flora und Fauna sowie auf die gesamte Umwelt. Deshalb empfehlen wir gerne eine umweltfreundliche Alternative:<br \/>\nGoGreenSalt, angereichert mit 25 % greenSand-Olivin.<br \/>\nDieses Streusalz\/Stra\u00dfensalz bietet nicht nur hervorragende Griffigkeit auf vereisten Stra\u00dfen, Parkpl\u00e4tzen und Wegen, sondern tr\u00e4gt auch aktiv zu einer besseren Umwelt bei. <\/p>\n<p>Bei der Aufl\u00f6sung verwittert GoGreenSalt, wobei CO2 und Wasser aufgenommen werden. Das CO2 wird dauerhaft in Kalk umgewandelt, wodurch das Produkt zu einer besseren Umwelt beitr\u00e4gt. Au\u00dferdem wirkt Kalk der Versauerung entgegen und hemmt das Wachstum von Gr\u00fcnbelag und Blaualgen.  <\/p>\n<p>Jede 4 kg dieses Streusalzes kompensieren 1 kg CO2. Als Anerkennung f\u00fcr Ihr Engagement f\u00fcr die Umwelt erhalten Sie beim Kauf ein (handelbares) Zertifikat, das Ihren Beitrag zur CO2-Reduzierung best\u00e4tigt. Diese Zertifikate sind auch f\u00fcr die CO2-Leistungsleiter g\u00fcltig. Unsere Angaben basieren auf gr\u00fcndlichen Untersuchungen, die exklusiv f\u00fcr unser Produkt durchgef\u00fchrt wurden, sodass wir eine 100%ige Qualit\u00e4tsgarantie bieten k\u00f6nnen. Die positive Auswirkung auf die Umwelt wird durch den g\u00fcnstigen MKI-Wert von -15,23 \u20ac best\u00e4tigt.    <\/p>\n<p>Weitere Informationen zu diesem Produkt finden Sie in der <a href=\"https:\/\/vikingr.nl\/wp-content\/uploads\/2024\/08\/Vikingr-Green-Salt.pdf\" target=\"_blank\" rel=\"noopener\">Brosch\u00fcre (download)<\/a>.<\/p>\n<p>Umweltfreundliches Streusalz, die gr\u00fcne Wahl f\u00fcr die Gl\u00e4ttebek\u00e4mpfung!<\/p>\n<p><em>Gemeinden, Gartenbaubetriebe und andere Einrichtungen: F\u00fcr Gro\u00dfbestellungen und detaillierte Informationen wenden Sie sich bitte an uns.<\/em>[\/vc_column_text][vc_empty_space height=&#8220;60px&#8220;][vc_column_text]<em><strong>Was bedeutet MKI?<\/strong><\/em><\/p>\n<p><em>Der Umweltkostenindikator (MKI) dr\u00fcckt die Umweltauswirkungen eines Produkts oder einer Dienstleistung in Geldwert aus. Dabei werden nicht nur die direkten Umweltauswirkungen ber\u00fccksichtigt, sondern auch der gesamte Lebenszyklus, einschlie\u00dflich Rohstoffgewinnung, Produktion, Transport, Nutzung und Abfallentsorgung. Durch die Ber\u00fccksichtigung aller relevanten Umweltaspekte bietet der MKI Einblick in die Umweltauswirkungen eines Produkts.  <\/em>[\/vc_column_text][vc_empty_space height=&#8220;60px&#8220;][\/vc_column_inner][vc_column_inner width=&#8220;1\/2&#8243;][vc_column_text css=&#8220;.vc_custom_1723105903036{padding-top: 25px !important;padding-right: 25px !important;padding-bottom: 25px !important;padding-left: 25px !important;background-color: #0a0a0a !important;}&#8220;]<\/p>\n<h3><span style=\"color: #37913c\">Weshalb GoGreenSalt?<\/span><\/h3>\n<p><span style=\"color: #ffffff\"><i class=\"fa fa-check \"><\/i> Signifikante CO2-Absorption<\/span><br \/>\n<span style=\"color: #ffffff\"><i class=\"fa fa-check \"><\/i> Gute MKI-Werte (LCA abrufbar)<\/span><br \/>\n<span style=\"color: #ffffff\"><i class=\"fa fa-check \"><\/i> Verwendbar mit jedem Streuger\u00e4t von guter Qualit\u00e4t<\/span><br \/>\n<span style=\"color: #ffffff\"><i class=\"fa fa-check \"><\/i> Sorgt f\u00fcr hohe Rutschfestigkeit<\/span><br \/>\n<span style=\"color: #ffffff\"><i class=\"fa fa-check \"><\/i> F\u00fcr alle Stra\u00dfentypen, vom B\u00fcrgersteig bis zur Autobahn<\/span>[\/vc_column_text][vc_empty_space height=&#8220;20px&#8220;][vc_single_image image=&#8220;5104&#8243; img_size=&#8220;full&#8220;][\/vc_column_inner][\/vc_row_inner][\/vc_column][\/vc_row]<\/p>\n","protected":false},"excerpt":{"rendered":"<p>[vc_row row_type=&#8220;row&#8220; content_width=&#8220;grid&#8220; anchor=&#8220;&#8220; content_aligment=&#8220;left&#8220; css_animation=&#8220;&#8220;][vc_column][vc_empty_space height=&#8220;65px&#8220;][vc_column_text] Umweltfreundliches Streusalz [\/vc_column_text][vc_empty_space height=&#8220;60px&#8220;][vc_column_text] Streusalz mit positiven Auswirkungen auf die Umwelt \u2013 ist das m\u00f6glich? Ja, nat\u00fcrlich! [\/vc_column_text][vc_empty_space height=&#8220;25px&#8220;][vc_row_inner row_type=&#8220;row&#8220; content_width=&#8220;full-width&#8220; content_aligment=&#8220;left&#8220; css_animation=&#8220;&#8220;][vc_column_inner width=&#8220;1\/2&#8243;][vc_column_text]Herk\u00f6mmliches Streusalz hat negative Auswirkungen auf Flora und Fauna sowie auf die gesamte Umwelt. Deshalb&#8230;<\/p>\n","protected":false},"author":1,"featured_media":5397,"parent":0,"menu_order":0,"comment_status":"closed","ping_status":"closed","template":"full-width.php","meta":{"footnotes":""},"class_list":["post-5681","page","type-page","status-publish","has-post-thumbnail","hentry"],"yoast_head":"<!-- This site is optimized with the Yoast SEO plugin v27.5 - https:\/\/yoast.com\/product\/yoast-seo-wordpress\/ -->\n<title>Umweltfreundliches Streusalz<\/title>\n<meta name=\"description\" content=\"Umweltfreundliches Streusalz, die gr\u00fcne Wahl f\u00fcr die Gl\u00e4ttebek\u00e4mpfung mit positiver Auswirkung auf die Umwelt aufgrund des niedrigen MKI-Wertes.\" \/>\n<meta name=\"robots\" content=\"index, follow, max-snippet:-1, max-image-preview:large, max-video-preview:-1\" \/>\n<link rel=\"canonical\" href=\"https:\/\/vikingr.nl\/de\/umweltfreundliches-streusalz\/\" \/>\n<meta property=\"og:locale\" content=\"de_DE\" \/>\n<meta property=\"og:type\" content=\"article\" \/>\n<meta property=\"og:title\" content=\"Umweltfreundliches Streusalz\" \/>\n<meta property=\"og:description\" content=\"Umweltfreundliches Streusalz, die gr\u00fcne Wahl f\u00fcr die Gl\u00e4ttebek\u00e4mpfung mit positiver Auswirkung auf die Umwelt aufgrund des niedrigen MKI-Wertes.\" \/>\n<meta property=\"og:url\" content=\"https:\/\/vikingr.nl\/de\/umweltfreundliches-streusalz\/\" \/>\n<meta property=\"og:site_name\" content=\"Vikingr\" \/>\n<meta property=\"article:modified_time\" content=\"2025-09-09T08:06:14+00:00\" \/>\n<meta property=\"og:image\" content=\"https:\/\/vikingr.nl\/wp-content\/uploads\/2024\/01\/GoGreen-pallet-met-zak.jpg\" \/>\n\t<meta property=\"og:image:width\" content=\"600\" \/>\n\t<meta property=\"og:image:height\" content=\"600\" \/>\n\t<meta property=\"og:image:type\" content=\"image\/jpeg\" \/>\n<meta name=\"twitter:card\" content=\"summary_large_image\" \/>\n<meta name=\"twitter:label1\" content=\"Gesch\u00e4tzte Lesezeit\" \/>\n\t<meta name=\"twitter:data1\" content=\"2\u00a0Minuten\" \/>\n<script type=\"application\/ld+json\" class=\"yoast-schema-graph\">{\"@context\":\"https:\\\/\\\/schema.org\",\"@graph\":[{\"@type\":\"WebPage\",\"@id\":\"https:\\\/\\\/vikingr.nl\\\/de\\\/umweltfreundliches-streusalz\\\/\",\"url\":\"https:\\\/\\\/vikingr.nl\\\/de\\\/umweltfreundliches-streusalz\\\/\",\"name\":\"Umweltfreundliches Streusalz\",\"isPartOf\":{\"@id\":\"https:\\\/\\\/vikingr.nl\\\/de\\\/#website\"},\"primaryImageOfPage\":{\"@id\":\"https:\\\/\\\/vikingr.nl\\\/de\\\/umweltfreundliches-streusalz\\\/#primaryimage\"},\"image\":{\"@id\":\"https:\\\/\\\/vikingr.nl\\\/de\\\/umweltfreundliches-streusalz\\\/#primaryimage\"},\"thumbnailUrl\":\"https:\\\/\\\/vikingr.nl\\\/wp-content\\\/uploads\\\/2024\\\/01\\\/GoGreen-pallet-met-zak.jpg\",\"datePublished\":\"2024-01-15T14:23:10+00:00\",\"dateModified\":\"2025-09-09T08:06:14+00:00\",\"description\":\"Umweltfreundliches Streusalz, die gr\u00fcne Wahl f\u00fcr die Gl\u00e4ttebek\u00e4mpfung mit positiver Auswirkung auf die Umwelt aufgrund des niedrigen MKI-Wertes.\",\"breadcrumb\":{\"@id\":\"https:\\\/\\\/vikingr.nl\\\/de\\\/umweltfreundliches-streusalz\\\/#breadcrumb\"},\"inLanguage\":\"de\",\"potentialAction\":[{\"@type\":\"ReadAction\",\"target\":[\"https:\\\/\\\/vikingr.nl\\\/de\\\/umweltfreundliches-streusalz\\\/\"]}]},{\"@type\":\"ImageObject\",\"inLanguage\":\"de\",\"@id\":\"https:\\\/\\\/vikingr.nl\\\/de\\\/umweltfreundliches-streusalz\\\/#primaryimage\",\"url\":\"https:\\\/\\\/vikingr.nl\\\/wp-content\\\/uploads\\\/2024\\\/01\\\/GoGreen-pallet-met-zak.jpg\",\"contentUrl\":\"https:\\\/\\\/vikingr.nl\\\/wp-content\\\/uploads\\\/2024\\\/01\\\/GoGreen-pallet-met-zak.jpg\",\"width\":600,\"height\":600,\"caption\":\"milieuvriendelijk strooizout\"},{\"@type\":\"BreadcrumbList\",\"@id\":\"https:\\\/\\\/vikingr.nl\\\/de\\\/umweltfreundliches-streusalz\\\/#breadcrumb\",\"itemListElement\":[{\"@type\":\"ListItem\",\"position\":1,\"name\":\"Home\",\"item\":\"https:\\\/\\\/vikingr.nl\\\/de\\\/\"},{\"@type\":\"ListItem\",\"position\":2,\"name\":\"Umweltfreundliches Streusalz\"}]},{\"@type\":\"WebSite\",\"@id\":\"https:\\\/\\\/vikingr.nl\\\/de\\\/#website\",\"url\":\"https:\\\/\\\/vikingr.nl\\\/de\\\/\",\"name\":\"Vikingr\",\"description\":\"Zoutkisten en strooiwagens\",\"publisher\":{\"@id\":\"https:\\\/\\\/vikingr.nl\\\/de\\\/#organization\"},\"potentialAction\":[{\"@type\":\"SearchAction\",\"target\":{\"@type\":\"EntryPoint\",\"urlTemplate\":\"https:\\\/\\\/vikingr.nl\\\/de\\\/?s={search_term_string}\"},\"query-input\":{\"@type\":\"PropertyValueSpecification\",\"valueRequired\":true,\"valueName\":\"search_term_string\"}}],\"inLanguage\":\"de\"},{\"@type\":\"Organization\",\"@id\":\"https:\\\/\\\/vikingr.nl\\\/de\\\/#organization\",\"name\":\"Vikingr\",\"url\":\"https:\\\/\\\/vikingr.nl\\\/de\\\/\",\"logo\":{\"@type\":\"ImageObject\",\"inLanguage\":\"de\",\"@id\":\"https:\\\/\\\/vikingr.nl\\\/de\\\/#\\\/schema\\\/logo\\\/image\\\/\",\"url\":\"https:\\\/\\\/vikingr.nl\\\/wp-content\\\/uploads\\\/2020\\\/12\\\/cropped-logo.png\",\"contentUrl\":\"https:\\\/\\\/vikingr.nl\\\/wp-content\\\/uploads\\\/2020\\\/12\\\/cropped-logo.png\",\"width\":131,\"height\":71,\"caption\":\"Vikingr\"},\"image\":{\"@id\":\"https:\\\/\\\/vikingr.nl\\\/de\\\/#\\\/schema\\\/logo\\\/image\\\/\"}}]}<\/script>\n<!-- \/ Yoast SEO plugin. -->","yoast_head_json":{"title":"Umweltfreundliches Streusalz","description":"Umweltfreundliches Streusalz, die gr\u00fcne Wahl f\u00fcr die Gl\u00e4ttebek\u00e4mpfung mit positiver Auswirkung auf die Umwelt aufgrund des niedrigen MKI-Wertes.","robots":{"index":"index","follow":"follow","max-snippet":"max-snippet:-1","max-image-preview":"max-image-preview:large","max-video-preview":"max-video-preview:-1"},"canonical":"https:\/\/vikingr.nl\/de\/umweltfreundliches-streusalz\/","og_locale":"de_DE","og_type":"article","og_title":"Umweltfreundliches Streusalz","og_description":"Umweltfreundliches Streusalz, die gr\u00fcne Wahl f\u00fcr die Gl\u00e4ttebek\u00e4mpfung mit positiver Auswirkung auf die Umwelt aufgrund des niedrigen MKI-Wertes.","og_url":"https:\/\/vikingr.nl\/de\/umweltfreundliches-streusalz\/","og_site_name":"Vikingr","article_modified_time":"2025-09-09T08:06:14+00:00","og_image":[{"width":600,"height":600,"url":"https:\/\/vikingr.nl\/wp-content\/uploads\/2024\/01\/GoGreen-pallet-met-zak.jpg","type":"image\/jpeg"}],"twitter_card":"summary_large_image","twitter_misc":{"Gesch\u00e4tzte Lesezeit":"2\u00a0Minuten"},"schema":{"@context":"https:\/\/schema.org","@graph":[{"@type":"WebPage","@id":"https:\/\/vikingr.nl\/de\/umweltfreundliches-streusalz\/","url":"https:\/\/vikingr.nl\/de\/umweltfreundliches-streusalz\/","name":"Umweltfreundliches Streusalz","isPartOf":{"@id":"https:\/\/vikingr.nl\/de\/#website"},"primaryImageOfPage":{"@id":"https:\/\/vikingr.nl\/de\/umweltfreundliches-streusalz\/#primaryimage"},"image":{"@id":"https:\/\/vikingr.nl\/de\/umweltfreundliches-streusalz\/#primaryimage"},"thumbnailUrl":"https:\/\/vikingr.nl\/wp-content\/uploads\/2024\/01\/GoGreen-pallet-met-zak.jpg","datePublished":"2024-01-15T14:23:10+00:00","dateModified":"2025-09-09T08:06:14+00:00","description":"Umweltfreundliches Streusalz, die gr\u00fcne Wahl f\u00fcr die Gl\u00e4ttebek\u00e4mpfung mit positiver Auswirkung auf die Umwelt aufgrund des niedrigen MKI-Wertes.","breadcrumb":{"@id":"https:\/\/vikingr.nl\/de\/umweltfreundliches-streusalz\/#breadcrumb"},"inLanguage":"de","potentialAction":[{"@type":"ReadAction","target":["https:\/\/vikingr.nl\/de\/umweltfreundliches-streusalz\/"]}]},{"@type":"ImageObject","inLanguage":"de","@id":"https:\/\/vikingr.nl\/de\/umweltfreundliches-streusalz\/#primaryimage","url":"https:\/\/vikingr.nl\/wp-content\/uploads\/2024\/01\/GoGreen-pallet-met-zak.jpg","contentUrl":"https:\/\/vikingr.nl\/wp-content\/uploads\/2024\/01\/GoGreen-pallet-met-zak.jpg","width":600,"height":600,"caption":"milieuvriendelijk strooizout"},{"@type":"BreadcrumbList","@id":"https:\/\/vikingr.nl\/de\/umweltfreundliches-streusalz\/#breadcrumb","itemListElement":[{"@type":"ListItem","position":1,"name":"Home","item":"https:\/\/vikingr.nl\/de\/"},{"@type":"ListItem","position":2,"name":"Umweltfreundliches Streusalz"}]},{"@type":"WebSite","@id":"https:\/\/vikingr.nl\/de\/#website","url":"https:\/\/vikingr.nl\/de\/","name":"Vikingr","description":"Zoutkisten en strooiwagens","publisher":{"@id":"https:\/\/vikingr.nl\/de\/#organization"},"potentialAction":[{"@type":"SearchAction","target":{"@type":"EntryPoint","urlTemplate":"https:\/\/vikingr.nl\/de\/?s={search_term_string}"},"query-input":{"@type":"PropertyValueSpecification","valueRequired":true,"valueName":"search_term_string"}}],"inLanguage":"de"},{"@type":"Organization","@id":"https:\/\/vikingr.nl\/de\/#organization","name":"Vikingr","url":"https:\/\/vikingr.nl\/de\/","logo":{"@type":"ImageObject","inLanguage":"de","@id":"https:\/\/vikingr.nl\/de\/#\/schema\/logo\/image\/","url":"https:\/\/vikingr.nl\/wp-content\/uploads\/2020\/12\/cropped-logo.png","contentUrl":"https:\/\/vikingr.nl\/wp-content\/uploads\/2020\/12\/cropped-logo.png","width":131,"height":71,"caption":"Vikingr"},"image":{"@id":"https:\/\/vikingr.nl\/de\/#\/schema\/logo\/image\/"}}]}},"_links":{"self":[{"href":"https:\/\/vikingr.nl\/de\/wp-json\/wp\/v2\/pages\/5681","targetHints":{"allow":["GET"]}}],"collection":[{"href":"https:\/\/vikingr.nl\/de\/wp-json\/wp\/v2\/pages"}],"about":[{"href":"https:\/\/vikingr.nl\/de\/wp-json\/wp\/v2\/types\/page"}],"author":[{"embeddable":true,"href":"https:\/\/vikingr.nl\/de\/wp-json\/wp\/v2\/users\/1"}],"replies":[{"embeddable":true,"href":"https:\/\/vikingr.nl\/de\/wp-json\/wp\/v2\/comments?post=5681"}],"version-history":[{"count":4,"href":"https:\/\/vikingr.nl\/de\/wp-json\/wp\/v2\/pages\/5681\/revisions"}],"predecessor-version":[{"id":5685,"href":"https:\/\/vikingr.nl\/de\/wp-json\/wp\/v2\/pages\/5681\/revisions\/5685"}],"wp:featuredmedia":[{"embeddable":true,"href":"https:\/\/vikingr.nl\/de\/wp-json\/wp\/v2\/media\/5397"}],"wp:attachment":[{"href":"https:\/\/vikingr.nl\/de\/wp-json\/wp\/v2\/media?parent=5681"}],"curies":[{"name":"wp","href":"https:\/\/api.w.org\/{rel}","templated":true}]}}