{"id":5639,"date":"2024-05-28T10:15:25","date_gmt":"2024-05-28T10:15:25","guid":{"rendered":"https:\/\/vikingr.nl\/handbuecher\/"},"modified":"2025-08-04T08:42:41","modified_gmt":"2025-08-04T08:42:41","slug":"handbuecher","status":"publish","type":"page","link":"https:\/\/vikingr.nl\/de\/handbuecher\/","title":{"rendered":"Handb\u00fccher"},"content":{"rendered":"<p>[vc_row row_type=&#8220;row&#8220; content_width=&#8220;grid&#8220; anchor=&#8220;&#8220; content_aligment=&#8220;center&#8220; css_animation=&#8220;&#8220;][vc_column][vc_empty_space height=&#8220;45&#8243;][vc_column_text]<\/p>\n<h2 style=\"text-align: center;\"><strong>Handb\u00fccher<\/strong><\/h2>\n<p>[\/vc_column_text][\/vc_column][\/vc_row][vc_row row_type=&#8220;row&#8220; content_width=&#8220;full-width&#8220; anchor=&#8220;&#8220; content_aligment=&#8220;left&#8220; css_animation=&#8220;&#8220;][vc_column][vc_empty_space height=&#8220;45&#8243;][vc_column_text]Laden Sie hier die Handb\u00fccher f\u00fcr die Vikingr-Streuwagen herunter.[\/vc_column_text][vc_column_text]Die Handb\u00fccher f\u00fcr die Streuwagen Vikingr 30, Vikingr 40, Vikingr 40 RVS und Vikingr Valfather. In den Bedienungsanleitungen finden Sie eine klare Beschreibung f\u00fcr die Montage und Verwendung der Streuwagen, sowohl f\u00fcr den Einsatz im Winter als auch im Sommer.<br \/>\nDie gedruckten Handb\u00fccher sind im Lieferumfang der Streuwagen enthalten.[\/vc_column_text][vc_empty_space height=&#8220;64&#8243;][\/vc_column][\/vc_row][vc_row row_type=&#8220;row&#8220; content_width=&#8220;full-width&#8220; anchor=&#8220;&#8220; content_aligment=&#8220;left&#8220; css_animation=&#8220;&#8220; css=&#8220;.vc_custom_1716892144231{background-color: #ededed !important;}&#8220;][vc_column width=&#8220;1\/4&#8243;][vc_single_image image=&#8220;4790&#8243; img_size=&#8220;300&#215;211&#8243; alignment=&#8220;center&#8220; onclick=&#8220;custom_link&#8220; link=&#8220;\/handleidingen\/Handleiding-VIKINGR-30.pdf&#8220;][\/vc_column][vc_column width=&#8220;3\/4&#8243;][vc_empty_space height=&#8220;30&#8243;][vc_column_text]<a href=\"https:\/\/vikingr.nl\/handleidingen\/Handleiding-VIKINGR-30.pdf\" target=\"_blank\" rel=\"noopener\">VIKINGR 30 HANDBUCH HERUNTERLADEN<\/a>[\/vc_column_text][vc_empty_space height=&#8220;30&#8243;][\/vc_column][\/vc_row][vc_row row_type=&#8220;row&#8220; content_width=&#8220;full-width&#8220; anchor=&#8220;&#8220; content_aligment=&#8220;left&#8220; css_animation=&#8220;&#8220;][vc_column][vc_empty_space height=&#8220;22px&#8220;][\/vc_column][\/vc_row][vc_row row_type=&#8220;row&#8220; content_width=&#8220;full-width&#8220; anchor=&#8220;&#8220; content_aligment=&#8220;left&#8220; css_animation=&#8220;&#8220; css=&#8220;.vc_custom_1716892144231{background-color: #ededed !important;}&#8220;][vc_column width=&#8220;1\/4&#8243;][vc_single_image image=&#8220;4790&#8243; img_size=&#8220;300&#215;211&#8243; alignment=&#8220;center&#8220; onclick=&#8220;custom_link&#8220; link=&#8220;\/handleidingen\/Handleiding-VIKINGR-40.pdf&#8220;][\/vc_column][vc_column width=&#8220;3\/4&#8243;][vc_empty_space height=&#8220;30&#8243;][vc_column_text]<a href=\"\/handleidingen\/Handleiding-VIKINGR-40.pdf\" target=\"_blank\" rel=\"noopener\">VIKINGR 40 HANDBUCH HERUNTERLADEN<\/a>[\/vc_column_text][vc_empty_space height=&#8220;30&#8243;][\/vc_column][\/vc_row][vc_row row_type=&#8220;row&#8220; content_width=&#8220;full-width&#8220; anchor=&#8220;&#8220; content_aligment=&#8220;left&#8220; css_animation=&#8220;&#8220;][vc_column][vc_empty_space height=&#8220;22px&#8220;][\/vc_column][\/vc_row][vc_row row_type=&#8220;row&#8220; content_width=&#8220;full-width&#8220; anchor=&#8220;&#8220; content_aligment=&#8220;left&#8220; css_animation=&#8220;&#8220; css=&#8220;.vc_custom_1716892144231{background-color: #ededed !important;}&#8220;][vc_column width=&#8220;1\/4&#8243;][vc_single_image image=&#8220;4868&#8243; img_size=&#8220;300&#215;212&#8243; alignment=&#8220;center&#8220; onclick=&#8220;custom_link&#8220; img_link_target=&#8220;_blank&#8220; link=&#8220;\/handleidingen\/Handleiding-VIKINGR-40-RVS.pdf&#8220;][\/vc_column][vc_column width=&#8220;3\/4&#8243;][vc_empty_space height=&#8220;30&#8243;][vc_column_text]<a href=\"\/handleidingen\/Handleiding-VIKINGR-40-RVS.pdf\" target=\"_blank\" rel=\"noopener\">VIKINGR 40 EDELSTAHL HANDBUCH HERUNTERLADEN<\/a>[\/vc_column_text][vc_empty_space height=&#8220;30&#8243;][\/vc_column][\/vc_row][vc_row row_type=&#8220;row&#8220; content_width=&#8220;full-width&#8220; anchor=&#8220;&#8220; content_aligment=&#8220;left&#8220; css_animation=&#8220;&#8220;][vc_column][vc_empty_space height=&#8220;22px&#8220;][\/vc_column][\/vc_row][vc_row row_type=&#8220;row&#8220; content_width=&#8220;full-width&#8220; anchor=&#8220;&#8220; content_aligment=&#8220;left&#8220; css_animation=&#8220;&#8220; css=&#8220;.vc_custom_1716892144231{background-color: #ededed !important;}&#8220;][vc_column width=&#8220;1\/4&#8243;][vc_single_image image=&#8220;5559&#8243; img_size=&#8220;300&#215;212&#8243; alignment=&#8220;center&#8220; onclick=&#8220;custom_link&#8220; img_link_target=&#8220;_blank&#8220; link=&#8220;\/handleidingen\/Handleiding-VIKINGR-40-TOW.pdf&#8220;][\/vc_column][vc_column width=&#8220;3\/4&#8243;][vc_empty_space height=&#8220;30&#8243;][vc_column_text]<a href=\"\/handleidingen\/Handleiding-VIKINGR-40-TOW.pdf\" target=\"_blank\" rel=\"noopener\">VIKINGR 40 ANH\u00c4NGER HANDBUCH HERUNTERLADEN<\/a>[\/vc_column_text][vc_empty_space height=&#8220;30&#8243;][\/vc_column][\/vc_row][vc_row row_type=&#8220;row&#8220; content_width=&#8220;full-width&#8220; anchor=&#8220;&#8220; content_aligment=&#8220;left&#8220; css_animation=&#8220;&#8220;][vc_column][vc_empty_space height=&#8220;22px&#8220;][\/vc_column][\/vc_row][vc_row row_type=&#8220;row&#8220; content_width=&#8220;full-width&#8220; anchor=&#8220;&#8220; content_aligment=&#8220;left&#8220; css_animation=&#8220;&#8220; css=&#8220;.vc_custom_1716892144231{background-color: #ededed !important;}&#8220;][vc_column width=&#8220;1\/4&#8243;][vc_single_image image=&#8220;4792&#8243; img_size=&#8220;300&#215;211&#8243; alignment=&#8220;center&#8220; onclick=&#8220;custom_link&#8220; link=&#8220;\/handleidingen\/Handleiding-VIKINGR-Valfather-web.pdf&#8220;][\/vc_column][vc_column width=&#8220;3\/4&#8243;][vc_empty_space height=&#8220;30&#8243;][vc_column_text]<a href=\"\/handleidingen\/Handleiding-VIKINGR-Valfather-web.pdf\" target=\"_blank\" rel=\"noopener\">DOWNLOAD VIKINGR 40 ANH\u00c4NGER HANDBUCH<\/a>[\/vc_column_text][vc_empty_space height=&#8220;30&#8243;][\/vc_column][\/vc_row][vc_row row_type=&#8220;row&#8220; content_width=&#8220;full-width&#8220; anchor=&#8220;&#8220; content_aligment=&#8220;left&#8220; css_animation=&#8220;&#8220;][vc_column][vc_empty_space height=&#8220;62px&#8220;][\/vc_column][\/vc_row][vc_row row_type=&#8220;row&#8220; content_width=&#8220;full-width&#8220; anchor=&#8220;&#8220; content_aligment=&#8220;left&#8220; css_animation=&#8220;&#8220;][vc_column][vc_empty_space height=&#8220;62px&#8220;][\/vc_column][\/vc_row]<\/p>\n","protected":false},"excerpt":{"rendered":"<p>[vc_row row_type=&#8220;row&#8220; content_width=&#8220;grid&#8220; anchor=&#8220;&#8220; content_aligment=&#8220;center&#8220; css_animation=&#8220;&#8220;][vc_column][vc_empty_space height=&#8220;45&#8243;][vc_column_text] Handb\u00fccher [\/vc_column_text][\/vc_column][\/vc_row][vc_row row_type=&#8220;row&#8220; content_width=&#8220;full-width&#8220; anchor=&#8220;&#8220; content_aligment=&#8220;left&#8220; css_animation=&#8220;&#8220;][vc_column][vc_empty_space height=&#8220;45&#8243;][vc_column_text]Laden Sie hier die Handb\u00fccher f\u00fcr die Vikingr-Streuwagen herunter.[\/vc_column_text][vc_column_text]Die Handb\u00fccher f\u00fcr die Streuwagen Vikingr 30, Vikingr 40, Vikingr 40 RVS und Vikingr Valfather. In den Bedienungsanleitungen finden Sie eine klare Beschreibung&#8230;<\/p>\n","protected":false},"author":1,"featured_media":5421,"parent":0,"menu_order":0,"comment_status":"closed","ping_status":"closed","template":"","meta":{"footnotes":""},"class_list":["post-5639","page","type-page","status-publish","has-post-thumbnail","hentry"],"yoast_head":"<!-- This site is optimized with the Yoast SEO plugin v27.4 - https:\/\/yoast.com\/product\/yoast-seo-wordpress\/ -->\n<title>Handb\u00fccher Vikingr Streuwagen<\/title>\n<meta name=\"description\" content=\"Die Handb\u00fccher der Vikingr-Streuer mit einer klaren Beschreibung f\u00fcr die Montage und Verwendung der Streuer\" \/>\n<meta name=\"robots\" content=\"index, follow, max-snippet:-1, max-image-preview:large, max-video-preview:-1\" \/>\n<link rel=\"canonical\" href=\"https:\/\/vikingr.nl\/de\/handbuecher\/\" \/>\n<meta property=\"og:locale\" content=\"de_DE\" \/>\n<meta property=\"og:type\" content=\"article\" \/>\n<meta property=\"og:title\" content=\"Handb\u00fccher Vikingr Streuwagen\" \/>\n<meta property=\"og:description\" content=\"Die Handb\u00fccher der Vikingr-Streuer mit einer klaren Beschreibung f\u00fcr die Montage und Verwendung der Streuer\" \/>\n<meta property=\"og:url\" content=\"https:\/\/vikingr.nl\/de\/handbuecher\/\" \/>\n<meta property=\"og:site_name\" content=\"Vikingr\" \/>\n<meta property=\"article:modified_time\" content=\"2025-08-04T08:42:41+00:00\" \/>\n<meta property=\"og:image\" content=\"https:\/\/vikingr.nl\/wp-content\/uploads\/2024\/05\/thumb-handleiding-cover-vikingr-40.png\" \/>\n\t<meta property=\"og:image:width\" content=\"211\" \/>\n\t<meta property=\"og:image:height\" content=\"300\" \/>\n\t<meta property=\"og:image:type\" content=\"image\/png\" \/>\n<meta name=\"twitter:card\" content=\"summary_large_image\" \/>\n<meta name=\"twitter:label1\" content=\"Gesch\u00e4tzte Lesezeit\" \/>\n\t<meta name=\"twitter:data1\" content=\"3\u00a0Minuten\" \/>\n<script type=\"application\/ld+json\" class=\"yoast-schema-graph\">{\"@context\":\"https:\\\/\\\/schema.org\",\"@graph\":[{\"@type\":\"WebPage\",\"@id\":\"https:\\\/\\\/vikingr.nl\\\/de\\\/handbuecher\\\/\",\"url\":\"https:\\\/\\\/vikingr.nl\\\/de\\\/handbuecher\\\/\",\"name\":\"Handb\u00fccher Vikingr Streuwagen\",\"isPartOf\":{\"@id\":\"https:\\\/\\\/vikingr.nl\\\/de\\\/#website\"},\"primaryImageOfPage\":{\"@id\":\"https:\\\/\\\/vikingr.nl\\\/de\\\/handbuecher\\\/#primaryimage\"},\"image\":{\"@id\":\"https:\\\/\\\/vikingr.nl\\\/de\\\/handbuecher\\\/#primaryimage\"},\"thumbnailUrl\":\"https:\\\/\\\/vikingr.nl\\\/wp-content\\\/uploads\\\/2024\\\/05\\\/thumb-handleiding-cover-vikingr-40.png\",\"datePublished\":\"2024-05-28T10:15:25+00:00\",\"dateModified\":\"2025-08-04T08:42:41+00:00\",\"description\":\"Die Handb\u00fccher der Vikingr-Streuer mit einer klaren Beschreibung f\u00fcr die Montage und Verwendung der Streuer\",\"breadcrumb\":{\"@id\":\"https:\\\/\\\/vikingr.nl\\\/de\\\/handbuecher\\\/#breadcrumb\"},\"inLanguage\":\"de\",\"potentialAction\":[{\"@type\":\"ReadAction\",\"target\":[\"https:\\\/\\\/vikingr.nl\\\/de\\\/handbuecher\\\/\"]}]},{\"@type\":\"ImageObject\",\"inLanguage\":\"de\",\"@id\":\"https:\\\/\\\/vikingr.nl\\\/de\\\/handbuecher\\\/#primaryimage\",\"url\":\"https:\\\/\\\/vikingr.nl\\\/wp-content\\\/uploads\\\/2024\\\/05\\\/thumb-handleiding-cover-vikingr-40.png\",\"contentUrl\":\"https:\\\/\\\/vikingr.nl\\\/wp-content\\\/uploads\\\/2024\\\/05\\\/thumb-handleiding-cover-vikingr-40.png\",\"width\":211,\"height\":300,\"caption\":\"Handleidingen Vikingr 40\"},{\"@type\":\"BreadcrumbList\",\"@id\":\"https:\\\/\\\/vikingr.nl\\\/de\\\/handbuecher\\\/#breadcrumb\",\"itemListElement\":[{\"@type\":\"ListItem\",\"position\":1,\"name\":\"Home\",\"item\":\"https:\\\/\\\/vikingr.nl\\\/de\\\/\"},{\"@type\":\"ListItem\",\"position\":2,\"name\":\"Handb\u00fccher\"}]},{\"@type\":\"WebSite\",\"@id\":\"https:\\\/\\\/vikingr.nl\\\/de\\\/#website\",\"url\":\"https:\\\/\\\/vikingr.nl\\\/de\\\/\",\"name\":\"Vikingr\",\"description\":\"Zoutkisten en strooiwagens\",\"publisher\":{\"@id\":\"https:\\\/\\\/vikingr.nl\\\/de\\\/#organization\"},\"potentialAction\":[{\"@type\":\"SearchAction\",\"target\":{\"@type\":\"EntryPoint\",\"urlTemplate\":\"https:\\\/\\\/vikingr.nl\\\/de\\\/?s={search_term_string}\"},\"query-input\":{\"@type\":\"PropertyValueSpecification\",\"valueRequired\":true,\"valueName\":\"search_term_string\"}}],\"inLanguage\":\"de\"},{\"@type\":\"Organization\",\"@id\":\"https:\\\/\\\/vikingr.nl\\\/de\\\/#organization\",\"name\":\"Vikingr\",\"url\":\"https:\\\/\\\/vikingr.nl\\\/de\\\/\",\"logo\":{\"@type\":\"ImageObject\",\"inLanguage\":\"de\",\"@id\":\"https:\\\/\\\/vikingr.nl\\\/de\\\/#\\\/schema\\\/logo\\\/image\\\/\",\"url\":\"https:\\\/\\\/vikingr.nl\\\/wp-content\\\/uploads\\\/2020\\\/12\\\/cropped-logo.png\",\"contentUrl\":\"https:\\\/\\\/vikingr.nl\\\/wp-content\\\/uploads\\\/2020\\\/12\\\/cropped-logo.png\",\"width\":131,\"height\":71,\"caption\":\"Vikingr\"},\"image\":{\"@id\":\"https:\\\/\\\/vikingr.nl\\\/de\\\/#\\\/schema\\\/logo\\\/image\\\/\"}}]}<\/script>\n<!-- \/ Yoast SEO plugin. -->","yoast_head_json":{"title":"Handb\u00fccher Vikingr Streuwagen","description":"Die Handb\u00fccher der Vikingr-Streuer mit einer klaren Beschreibung f\u00fcr die Montage und Verwendung der Streuer","robots":{"index":"index","follow":"follow","max-snippet":"max-snippet:-1","max-image-preview":"max-image-preview:large","max-video-preview":"max-video-preview:-1"},"canonical":"https:\/\/vikingr.nl\/de\/handbuecher\/","og_locale":"de_DE","og_type":"article","og_title":"Handb\u00fccher Vikingr Streuwagen","og_description":"Die Handb\u00fccher der Vikingr-Streuer mit einer klaren Beschreibung f\u00fcr die Montage und Verwendung der Streuer","og_url":"https:\/\/vikingr.nl\/de\/handbuecher\/","og_site_name":"Vikingr","article_modified_time":"2025-08-04T08:42:41+00:00","og_image":[{"width":211,"height":300,"url":"https:\/\/vikingr.nl\/wp-content\/uploads\/2024\/05\/thumb-handleiding-cover-vikingr-40.png","type":"image\/png"}],"twitter_card":"summary_large_image","twitter_misc":{"Gesch\u00e4tzte Lesezeit":"3\u00a0Minuten"},"schema":{"@context":"https:\/\/schema.org","@graph":[{"@type":"WebPage","@id":"https:\/\/vikingr.nl\/de\/handbuecher\/","url":"https:\/\/vikingr.nl\/de\/handbuecher\/","name":"Handb\u00fccher Vikingr Streuwagen","isPartOf":{"@id":"https:\/\/vikingr.nl\/de\/#website"},"primaryImageOfPage":{"@id":"https:\/\/vikingr.nl\/de\/handbuecher\/#primaryimage"},"image":{"@id":"https:\/\/vikingr.nl\/de\/handbuecher\/#primaryimage"},"thumbnailUrl":"https:\/\/vikingr.nl\/wp-content\/uploads\/2024\/05\/thumb-handleiding-cover-vikingr-40.png","datePublished":"2024-05-28T10:15:25+00:00","dateModified":"2025-08-04T08:42:41+00:00","description":"Die Handb\u00fccher der Vikingr-Streuer mit einer klaren Beschreibung f\u00fcr die Montage und Verwendung der Streuer","breadcrumb":{"@id":"https:\/\/vikingr.nl\/de\/handbuecher\/#breadcrumb"},"inLanguage":"de","potentialAction":[{"@type":"ReadAction","target":["https:\/\/vikingr.nl\/de\/handbuecher\/"]}]},{"@type":"ImageObject","inLanguage":"de","@id":"https:\/\/vikingr.nl\/de\/handbuecher\/#primaryimage","url":"https:\/\/vikingr.nl\/wp-content\/uploads\/2024\/05\/thumb-handleiding-cover-vikingr-40.png","contentUrl":"https:\/\/vikingr.nl\/wp-content\/uploads\/2024\/05\/thumb-handleiding-cover-vikingr-40.png","width":211,"height":300,"caption":"Handleidingen Vikingr 40"},{"@type":"BreadcrumbList","@id":"https:\/\/vikingr.nl\/de\/handbuecher\/#breadcrumb","itemListElement":[{"@type":"ListItem","position":1,"name":"Home","item":"https:\/\/vikingr.nl\/de\/"},{"@type":"ListItem","position":2,"name":"Handb\u00fccher"}]},{"@type":"WebSite","@id":"https:\/\/vikingr.nl\/de\/#website","url":"https:\/\/vikingr.nl\/de\/","name":"Vikingr","description":"Zoutkisten en strooiwagens","publisher":{"@id":"https:\/\/vikingr.nl\/de\/#organization"},"potentialAction":[{"@type":"SearchAction","target":{"@type":"EntryPoint","urlTemplate":"https:\/\/vikingr.nl\/de\/?s={search_term_string}"},"query-input":{"@type":"PropertyValueSpecification","valueRequired":true,"valueName":"search_term_string"}}],"inLanguage":"de"},{"@type":"Organization","@id":"https:\/\/vikingr.nl\/de\/#organization","name":"Vikingr","url":"https:\/\/vikingr.nl\/de\/","logo":{"@type":"ImageObject","inLanguage":"de","@id":"https:\/\/vikingr.nl\/de\/#\/schema\/logo\/image\/","url":"https:\/\/vikingr.nl\/wp-content\/uploads\/2020\/12\/cropped-logo.png","contentUrl":"https:\/\/vikingr.nl\/wp-content\/uploads\/2020\/12\/cropped-logo.png","width":131,"height":71,"caption":"Vikingr"},"image":{"@id":"https:\/\/vikingr.nl\/de\/#\/schema\/logo\/image\/"}}]}},"_links":{"self":[{"href":"https:\/\/vikingr.nl\/de\/wp-json\/wp\/v2\/pages\/5639","targetHints":{"allow":["GET"]}}],"collection":[{"href":"https:\/\/vikingr.nl\/de\/wp-json\/wp\/v2\/pages"}],"about":[{"href":"https:\/\/vikingr.nl\/de\/wp-json\/wp\/v2\/types\/page"}],"author":[{"embeddable":true,"href":"https:\/\/vikingr.nl\/de\/wp-json\/wp\/v2\/users\/1"}],"replies":[{"embeddable":true,"href":"https:\/\/vikingr.nl\/de\/wp-json\/wp\/v2\/comments?post=5639"}],"version-history":[{"count":2,"href":"https:\/\/vikingr.nl\/de\/wp-json\/wp\/v2\/pages\/5639\/revisions"}],"predecessor-version":[{"id":5641,"href":"https:\/\/vikingr.nl\/de\/wp-json\/wp\/v2\/pages\/5639\/revisions\/5641"}],"wp:featuredmedia":[{"embeddable":true,"href":"https:\/\/vikingr.nl\/de\/wp-json\/wp\/v2\/media\/5421"}],"wp:attachment":[{"href":"https:\/\/vikingr.nl\/de\/wp-json\/wp\/v2\/media?parent=5639"}],"curies":[{"name":"wp","href":"https:\/\/api.w.org\/{rel}","templated":true}]}}