{"id":5613,"date":"2023-10-10T14:54:03","date_gmt":"2023-10-10T14:54:03","guid":{"rendered":"https:\/\/vikingr.nl\/streusalzbehaelter\/streugutbehaelter-vikingr-110\/"},"modified":"2025-08-04T06:49:22","modified_gmt":"2025-08-04T06:49:22","slug":"streugutbehaelter-vikingr-110","status":"publish","type":"page","link":"https:\/\/vikingr.nl\/de\/streusalzbehaelter\/streugutbehaelter-vikingr-110\/","title":{"rendered":"Streugutbeh\u00e4lter Vikingr 110"},"content":{"rendered":"<p>[vc_row row_type=&#8220;row&#8220; content_width=&#8220;grid&#8220; anchor=&#8220;&#8220; content_aligment=&#8220;center&#8220; css_animation=&#8220;&#8220;][vc_column][vc_row_inner row_type=&#8220;row&#8220; content_width=&#8220;full-width&#8220; content_aligment=&#8220;left&#8220; css_animation=&#8220;&#8220;][vc_column_inner width=&#8220;1\/3&#8243;][vc_empty_space][\/vc_column_inner][vc_column_inner width=&#8220;1\/3&#8243;][\/vc_column_inner][vc_column_inner width=&#8220;1\/3&#8243;][\/vc_column_inner][\/vc_row_inner][vc_empty_space height=&#8220;45&#8243;][vc_column_text]<\/p>\n<div class=\"eltd-section-title-outer-holder \">\n<div class=\"eltd-section-title-holder\">\n<h1 class=\"eltd-section-title\" style=\"text-align: center;\">STREUGUTBEH\u00c4LTER 110 LITER<\/h1>\n<\/div>\n<\/div>\n<p>[\/vc_column_text][vc_empty_space height=&#8220;12&#8243;][vc_column_text]<\/p>\n<p style=\"text-align: center;\"><em>Robust und langlebig in einem praktischen Format. <\/em><\/p>\n<p>[\/vc_column_text][vc_empty_space height=&#8220;64&#8243;][\/vc_column][\/vc_row][vc_row row_type=&#8220;row&#8220; content_width=&#8220;grid&#8220; anchor=&#8220;&#8220; content_aligment=&#8220;left&#8220; css_animation=&#8220;&#8220;][vc_column offset=&#8220;vc_col-lg-offset-0 vc_col-lg-6 vc_col-md-offset-0 vc_col-sm-offset-0&#8243;][vc_gallery interval=&#8220;3&#8243; images=&#8220;4743,4648,4650&#8243; img_size=&#8220;full&#8220;][\/vc_column][vc_column offset=&#8220;vc_col-lg-offset-0 vc_col-lg-6 vc_col-md-offset-0 vc_col-sm-offset-0&#8243;]<div class=\"eltd-section-title-outer-holder \" style=\"text-align: left\">\n\t<div class=\"eltd-section-title-subtitle-holder\">\n\t\t<h3 class=\"eltd-section-subtitle\" style=\";\"><\/h3>\n\t<\/div>\n\t<div class=\"eltd-section-title-holder\">\n\t\t<h2 class=\"eltd-section-title\" style=\";\">Zoutkist Vikingr 110<\/h2>\n\t<\/div>\n<\/div>[vc_empty_space height=&#8220;25&#8243;][vc_column_text]Streugutbeh\u00e4lter 110 Liter von Vikingr, sehr robust und langlebig. Er ist witterungsbest\u00e4ndig und h\u00e4lt Temperaturen von -35\u00b0C bis +50\u00b0C stand. Das bedeutet, dass der Salzkbeh\u00e4lter zu allen Jahreszeiten verwendet werden kann und eine zuverl\u00e4ssige L\u00f6sung f\u00fcr die Lagerung von Streusalz darstellt.  <\/p>\n<p>Ein weiterer gro\u00dfer Vorteil dieses Beh\u00e4lterns ist, dass er komplett aus Kunststoff gefertigt ist, einschlie\u00dflich des Scharniers. Dadurch ist der Streugutbeh\u00e4lter komplett rostfrei und bietet langfristigen Schutz vor Korrosion und Verschlei\u00df. Dies macht ihn zu einer sehr langlebigen und kosteng\u00fcnstigen L\u00f6sung f\u00fcr Profis, die eine zuverl\u00e4ssige M\u00f6glichkeit zur Lagerung von Streusalz suchen.  <\/p>\n<p>Die Abmessungen der Beh\u00e4lter betragen 65 x 55 x 62,5 cm (B x T x H) und bieten ausreichend Platz f\u00fcr 100 Liter Streusalz. Das Gewicht der Box betr\u00e4gt 7,5 kg, was bedeutet, dass sie leicht zu bewegen und zu transportieren ist. <\/p>\n<p>Wir bieten Ihnen die M\u00f6glichkeit, Salzbeh\u00e4lter mit 4 S\u00e4cken u<strong><a href=\"https:\/\/vikingr.nl\/milieuvriendelijk-strooizout\/\" target=\"top\" rel=\"noopener\">mweltfreundliches Streusalz<\/a><\/strong> zu liefern, das auf glatten Stra\u00dfenabschnitten eine bessere Haftung gew\u00e4hrleistet.<\/p>\n<p><strong>Eigenschaften<\/strong><\/p>\n<ul>\n<li>Schwerlast-Salzbeh\u00e4lter 110 Liter von Vikingr<\/li>\n<li>Sehr robust und langlebig<\/li>\n<li>Best\u00e4ndig gegen alle Wetterbedingungen<\/li>\n<li>Komplett aus Kunststoff (einschlie\u00dflich des Scharniers), also rostfrei.<\/li>\n<li>Getestet unter verschiedenen Bedingungen mit Temperaturen von -35\u00b0C bis +50\u00b0C.<\/li>\n<li>Abmessungen: 65 x 55 x 62,5 cm (B x T x H)<\/li>\n<li>Inhalt: 110 liter<\/li>\n<\/ul>\n<p>[\/vc_column_text][vc_empty_space height=&#8220;48&#8243;]<a href=\"https:\/\/vikingr.nl\/zoekeenwinkel\/\" target=\"_self\" style=\"background-color: #386f36\" class=\"eltd-btn eltd-btn-medium eltd-btn-solid\"  >\n    <span class=\"eltd-btn-text\">Zoek een vestiging<\/span>\n    <\/a>[\/vc_column][\/vc_row][vc_row row_type=&#8220;row&#8220; content_width=&#8220;full-width&#8220; anchor=&#8220;&#8220; content_aligment=&#8220;left&#8220; css_animation=&#8220;&#8220;][vc_column][vc_empty_space height=&#8220;80&#8243;][\/vc_column][\/vc_row][vc_row row_type=&#8220;row&#8220; content_width=&#8220;full-width&#8220; anchor=&#8220;&#8220; content_aligment=&#8220;left&#8220; css_animation=&#8220;&#8220;][vc_column][vc_empty_space height=&#8220;100&#8243;][\/vc_column][\/vc_row][vc_row row_type=&#8220;row&#8220; content_width=&#8220;full-width&#8220; anchor=&#8220;&#8220; content_aligment=&#8220;left&#8220; css_animation=&#8220;&#8220;][vc_column]\n\n\t<div class=\"eltd-call-to-action normal\" style=\"padding: 30px 30px 30px 30px;;background-color: #c9c9c9;\">\n\n\t\t\t\t<div class=\"eltd-container-inner\">\n\t\t\t\t\t<div class=\"eltd-call-to-action-row-50-50 clearfix\">\n\t\t\n\t\t\t\t<div class=\"eltd-text-wrapper eltd-call-to-action-column1 eltd-call-to-action-cell\">\n\n\t\t\t\t\n\t\t\t\t\t<div class=\"eltd-call-to-action-text\" >\n\t\t\t\t\t\t<\/p>\n<h6><span style=\"color: #ffffff;\">Rufen Sie uns an unter 0031 79 2073000 oder senden Sie eine E-Mail an info@vikingr.nl<\/span><\/h6>\n<p>\t\t\t\t\t<\/div>\n\n\t\t\t\t<\/div>\n\n\t\t\t\t\n\t\t\t\t\t<div class=\"eltd-button-wrapper eltd-call-to-action-column2 eltd-call-to-action-cell\" style =\"text-align: center ;\">\n\n\t\t\t\t\t\t<a href=\"\/verkooppunten\" target=\"_self\"  class=\"eltd-btn eltd-btn-medium eltd-btn-solid\"  >    <span class=\"eltd-btn-text\">ZOEK EEN DEALER<\/span>    <\/a>\n\t\t\t\t\t<\/div>\n\n\t\t\t\t\n\t\t\t<\/div>\n\n\t\t\t\t<\/div>\n\t\t\n\t<\/div>\n\n[\/vc_column][\/vc_row][vc_row row_type=&#8220;row&#8220; content_width=&#8220;full-width&#8220; anchor=&#8220;&#8220; content_aligment=&#8220;left&#8220; css_animation=&#8220;&#8220;][vc_column][vc_empty_space height=&#8220;57&#8243;][\/vc_column][\/vc_row]<\/p>\n","protected":false},"excerpt":{"rendered":"<p>[vc_row row_type=&#8220;row&#8220; content_width=&#8220;grid&#8220; anchor=&#8220;&#8220; content_aligment=&#8220;center&#8220; css_animation=&#8220;&#8220;][vc_column][vc_row_inner row_type=&#8220;row&#8220; content_width=&#8220;full-width&#8220; content_aligment=&#8220;left&#8220; css_animation=&#8220;&#8220;][vc_column_inner width=&#8220;1\/3&#8243;][vc_empty_space][\/vc_column_inner][vc_column_inner width=&#8220;1\/3&#8243;][\/vc_column_inner][vc_column_inner width=&#8220;1\/3&#8243;][\/vc_column_inner][\/vc_row_inner][vc_empty_space height=&#8220;45&#8243;][vc_column_text] STREUGUTBEH\u00c4LTER 110 LITER [\/vc_column_text][vc_empty_space height=&#8220;12&#8243;][vc_column_text] Robust und langlebig in einem praktischen Format. [\/vc_column_text][vc_empty_space height=&#8220;64&#8243;][\/vc_column][\/vc_row][vc_row row_type=&#8220;row&#8220; content_width=&#8220;grid&#8220; anchor=&#8220;&#8220; content_aligment=&#8220;left&#8220; css_animation=&#8220;&#8220;][vc_column offset=&#8220;vc_col-lg-offset-0 vc_col-lg-6 vc_col-md-offset-0 vc_col-sm-offset-0&#8243;][vc_gallery interval=&#8220;3&#8243; images=&#8220;4743,4648,4650&#8243; img_size=&#8220;full&#8220;][\/vc_column][vc_column offset=&#8220;vc_col-lg-offset-0 vc_col-lg-6 vc_col-md-offset-0 vc_col-sm-offset-0&#8243;][vc_empty_space height=&#8220;25&#8243;][vc_column_text]Streugutbeh\u00e4lter&#8230;<\/p>\n","protected":false},"author":1,"featured_media":5393,"parent":5597,"menu_order":0,"comment_status":"closed","ping_status":"closed","template":"","meta":{"footnotes":""},"class_list":["post-5613","page","type-page","status-publish","has-post-thumbnail","hentry"],"yoast_head":"<!-- This site is optimized with the Yoast SEO plugin v27.5 - https:\/\/yoast.com\/product\/yoast-seo-wordpress\/ -->\n<title>Streugutbeh\u00e4lter 110 liter<\/title>\n<meta name=\"description\" content=\"Streugutbeh\u00e4lter 110 Liter von Vikingr, robust und langlebig. Best\u00e4ndig gegen alle Wetterbedingungen und Temperaturen von -35\u00b0C bis +50\u00b0C.\" \/>\n<meta name=\"robots\" content=\"index, follow, max-snippet:-1, max-image-preview:large, max-video-preview:-1\" \/>\n<link rel=\"canonical\" href=\"https:\/\/vikingr.nl\/de\/streusalzbehaelter\/streugutbehaelter-vikingr-110\/\" \/>\n<meta property=\"og:locale\" content=\"de_DE\" \/>\n<meta property=\"og:type\" content=\"article\" \/>\n<meta property=\"og:title\" content=\"Streugutbeh\u00e4lter 110 liter\" \/>\n<meta property=\"og:description\" content=\"Streugutbeh\u00e4lter 110 Liter von Vikingr, robust und langlebig. Best\u00e4ndig gegen alle Wetterbedingungen und Temperaturen von -35\u00b0C bis +50\u00b0C.\" \/>\n<meta property=\"og:url\" content=\"https:\/\/vikingr.nl\/de\/streusalzbehaelter\/streugutbehaelter-vikingr-110\/\" \/>\n<meta property=\"og:site_name\" content=\"Vikingr\" \/>\n<meta property=\"article:modified_time\" content=\"2025-08-04T06:49:22+00:00\" \/>\n<meta property=\"og:image\" content=\"https:\/\/vikingr.nl\/wp-content\/uploads\/2024\/01\/vikingr_zoutkist_SB100.jpg\" \/>\n\t<meta property=\"og:image:width\" content=\"600\" \/>\n\t<meta property=\"og:image:height\" content=\"600\" \/>\n\t<meta property=\"og:image:type\" content=\"image\/jpeg\" \/>\n<meta name=\"twitter:card\" content=\"summary_large_image\" \/>\n<meta name=\"twitter:label1\" content=\"Gesch\u00e4tzte Lesezeit\" \/>\n\t<meta name=\"twitter:data1\" content=\"3\u00a0Minuten\" \/>\n<script type=\"application\/ld+json\" class=\"yoast-schema-graph\">{\"@context\":\"https:\\\/\\\/schema.org\",\"@graph\":[{\"@type\":\"WebPage\",\"@id\":\"https:\\\/\\\/vikingr.nl\\\/de\\\/streusalzbehaelter\\\/streugutbehaelter-vikingr-110\\\/\",\"url\":\"https:\\\/\\\/vikingr.nl\\\/de\\\/streusalzbehaelter\\\/streugutbehaelter-vikingr-110\\\/\",\"name\":\"Streugutbeh\u00e4lter 110 liter\",\"isPartOf\":{\"@id\":\"https:\\\/\\\/vikingr.nl\\\/de\\\/#website\"},\"primaryImageOfPage\":{\"@id\":\"https:\\\/\\\/vikingr.nl\\\/de\\\/streusalzbehaelter\\\/streugutbehaelter-vikingr-110\\\/#primaryimage\"},\"image\":{\"@id\":\"https:\\\/\\\/vikingr.nl\\\/de\\\/streusalzbehaelter\\\/streugutbehaelter-vikingr-110\\\/#primaryimage\"},\"thumbnailUrl\":\"https:\\\/\\\/vikingr.nl\\\/wp-content\\\/uploads\\\/2024\\\/01\\\/vikingr_zoutkist_SB100.jpg\",\"datePublished\":\"2023-10-10T14:54:03+00:00\",\"dateModified\":\"2025-08-04T06:49:22+00:00\",\"description\":\"Streugutbeh\u00e4lter 110 Liter von Vikingr, robust und langlebig. Best\u00e4ndig gegen alle Wetterbedingungen und Temperaturen von -35\u00b0C bis +50\u00b0C.\",\"breadcrumb\":{\"@id\":\"https:\\\/\\\/vikingr.nl\\\/de\\\/streusalzbehaelter\\\/streugutbehaelter-vikingr-110\\\/#breadcrumb\"},\"inLanguage\":\"de\",\"potentialAction\":[{\"@type\":\"ReadAction\",\"target\":[\"https:\\\/\\\/vikingr.nl\\\/de\\\/streusalzbehaelter\\\/streugutbehaelter-vikingr-110\\\/\"]}]},{\"@type\":\"ImageObject\",\"inLanguage\":\"de\",\"@id\":\"https:\\\/\\\/vikingr.nl\\\/de\\\/streusalzbehaelter\\\/streugutbehaelter-vikingr-110\\\/#primaryimage\",\"url\":\"https:\\\/\\\/vikingr.nl\\\/wp-content\\\/uploads\\\/2024\\\/01\\\/vikingr_zoutkist_SB100.jpg\",\"contentUrl\":\"https:\\\/\\\/vikingr.nl\\\/wp-content\\\/uploads\\\/2024\\\/01\\\/vikingr_zoutkist_SB100.jpg\",\"width\":600,\"height\":600,\"caption\":\"zoutkist\"},{\"@type\":\"BreadcrumbList\",\"@id\":\"https:\\\/\\\/vikingr.nl\\\/de\\\/streusalzbehaelter\\\/streugutbehaelter-vikingr-110\\\/#breadcrumb\",\"itemListElement\":[{\"@type\":\"ListItem\",\"position\":1,\"name\":\"Home\",\"item\":\"https:\\\/\\\/vikingr.nl\\\/de\\\/\"},{\"@type\":\"ListItem\",\"position\":2,\"name\":\"Streusalzbeh\u00e4lter\",\"item\":\"https:\\\/\\\/vikingr.nl\\\/de\\\/streusalzbehaelter\\\/\"},{\"@type\":\"ListItem\",\"position\":3,\"name\":\"Streugutbeh\u00e4lter Vikingr 110\"}]},{\"@type\":\"WebSite\",\"@id\":\"https:\\\/\\\/vikingr.nl\\\/de\\\/#website\",\"url\":\"https:\\\/\\\/vikingr.nl\\\/de\\\/\",\"name\":\"Vikingr\",\"description\":\"Zoutkisten en strooiwagens\",\"publisher\":{\"@id\":\"https:\\\/\\\/vikingr.nl\\\/de\\\/#organization\"},\"potentialAction\":[{\"@type\":\"SearchAction\",\"target\":{\"@type\":\"EntryPoint\",\"urlTemplate\":\"https:\\\/\\\/vikingr.nl\\\/de\\\/?s={search_term_string}\"},\"query-input\":{\"@type\":\"PropertyValueSpecification\",\"valueRequired\":true,\"valueName\":\"search_term_string\"}}],\"inLanguage\":\"de\"},{\"@type\":\"Organization\",\"@id\":\"https:\\\/\\\/vikingr.nl\\\/de\\\/#organization\",\"name\":\"Vikingr\",\"url\":\"https:\\\/\\\/vikingr.nl\\\/de\\\/\",\"logo\":{\"@type\":\"ImageObject\",\"inLanguage\":\"de\",\"@id\":\"https:\\\/\\\/vikingr.nl\\\/de\\\/#\\\/schema\\\/logo\\\/image\\\/\",\"url\":\"https:\\\/\\\/vikingr.nl\\\/wp-content\\\/uploads\\\/2020\\\/12\\\/cropped-logo.png\",\"contentUrl\":\"https:\\\/\\\/vikingr.nl\\\/wp-content\\\/uploads\\\/2020\\\/12\\\/cropped-logo.png\",\"width\":131,\"height\":71,\"caption\":\"Vikingr\"},\"image\":{\"@id\":\"https:\\\/\\\/vikingr.nl\\\/de\\\/#\\\/schema\\\/logo\\\/image\\\/\"}}]}<\/script>\n<!-- \/ Yoast SEO plugin. -->","yoast_head_json":{"title":"Streugutbeh\u00e4lter 110 liter","description":"Streugutbeh\u00e4lter 110 Liter von Vikingr, robust und langlebig. Best\u00e4ndig gegen alle Wetterbedingungen und Temperaturen von -35\u00b0C bis +50\u00b0C.","robots":{"index":"index","follow":"follow","max-snippet":"max-snippet:-1","max-image-preview":"max-image-preview:large","max-video-preview":"max-video-preview:-1"},"canonical":"https:\/\/vikingr.nl\/de\/streusalzbehaelter\/streugutbehaelter-vikingr-110\/","og_locale":"de_DE","og_type":"article","og_title":"Streugutbeh\u00e4lter 110 liter","og_description":"Streugutbeh\u00e4lter 110 Liter von Vikingr, robust und langlebig. Best\u00e4ndig gegen alle Wetterbedingungen und Temperaturen von -35\u00b0C bis +50\u00b0C.","og_url":"https:\/\/vikingr.nl\/de\/streusalzbehaelter\/streugutbehaelter-vikingr-110\/","og_site_name":"Vikingr","article_modified_time":"2025-08-04T06:49:22+00:00","og_image":[{"width":600,"height":600,"url":"https:\/\/vikingr.nl\/wp-content\/uploads\/2024\/01\/vikingr_zoutkist_SB100.jpg","type":"image\/jpeg"}],"twitter_card":"summary_large_image","twitter_misc":{"Gesch\u00e4tzte Lesezeit":"3\u00a0Minuten"},"schema":{"@context":"https:\/\/schema.org","@graph":[{"@type":"WebPage","@id":"https:\/\/vikingr.nl\/de\/streusalzbehaelter\/streugutbehaelter-vikingr-110\/","url":"https:\/\/vikingr.nl\/de\/streusalzbehaelter\/streugutbehaelter-vikingr-110\/","name":"Streugutbeh\u00e4lter 110 liter","isPartOf":{"@id":"https:\/\/vikingr.nl\/de\/#website"},"primaryImageOfPage":{"@id":"https:\/\/vikingr.nl\/de\/streusalzbehaelter\/streugutbehaelter-vikingr-110\/#primaryimage"},"image":{"@id":"https:\/\/vikingr.nl\/de\/streusalzbehaelter\/streugutbehaelter-vikingr-110\/#primaryimage"},"thumbnailUrl":"https:\/\/vikingr.nl\/wp-content\/uploads\/2024\/01\/vikingr_zoutkist_SB100.jpg","datePublished":"2023-10-10T14:54:03+00:00","dateModified":"2025-08-04T06:49:22+00:00","description":"Streugutbeh\u00e4lter 110 Liter von Vikingr, robust und langlebig. Best\u00e4ndig gegen alle Wetterbedingungen und Temperaturen von -35\u00b0C bis +50\u00b0C.","breadcrumb":{"@id":"https:\/\/vikingr.nl\/de\/streusalzbehaelter\/streugutbehaelter-vikingr-110\/#breadcrumb"},"inLanguage":"de","potentialAction":[{"@type":"ReadAction","target":["https:\/\/vikingr.nl\/de\/streusalzbehaelter\/streugutbehaelter-vikingr-110\/"]}]},{"@type":"ImageObject","inLanguage":"de","@id":"https:\/\/vikingr.nl\/de\/streusalzbehaelter\/streugutbehaelter-vikingr-110\/#primaryimage","url":"https:\/\/vikingr.nl\/wp-content\/uploads\/2024\/01\/vikingr_zoutkist_SB100.jpg","contentUrl":"https:\/\/vikingr.nl\/wp-content\/uploads\/2024\/01\/vikingr_zoutkist_SB100.jpg","width":600,"height":600,"caption":"zoutkist"},{"@type":"BreadcrumbList","@id":"https:\/\/vikingr.nl\/de\/streusalzbehaelter\/streugutbehaelter-vikingr-110\/#breadcrumb","itemListElement":[{"@type":"ListItem","position":1,"name":"Home","item":"https:\/\/vikingr.nl\/de\/"},{"@type":"ListItem","position":2,"name":"Streusalzbeh\u00e4lter","item":"https:\/\/vikingr.nl\/de\/streusalzbehaelter\/"},{"@type":"ListItem","position":3,"name":"Streugutbeh\u00e4lter Vikingr 110"}]},{"@type":"WebSite","@id":"https:\/\/vikingr.nl\/de\/#website","url":"https:\/\/vikingr.nl\/de\/","name":"Vikingr","description":"Zoutkisten en strooiwagens","publisher":{"@id":"https:\/\/vikingr.nl\/de\/#organization"},"potentialAction":[{"@type":"SearchAction","target":{"@type":"EntryPoint","urlTemplate":"https:\/\/vikingr.nl\/de\/?s={search_term_string}"},"query-input":{"@type":"PropertyValueSpecification","valueRequired":true,"valueName":"search_term_string"}}],"inLanguage":"de"},{"@type":"Organization","@id":"https:\/\/vikingr.nl\/de\/#organization","name":"Vikingr","url":"https:\/\/vikingr.nl\/de\/","logo":{"@type":"ImageObject","inLanguage":"de","@id":"https:\/\/vikingr.nl\/de\/#\/schema\/logo\/image\/","url":"https:\/\/vikingr.nl\/wp-content\/uploads\/2020\/12\/cropped-logo.png","contentUrl":"https:\/\/vikingr.nl\/wp-content\/uploads\/2020\/12\/cropped-logo.png","width":131,"height":71,"caption":"Vikingr"},"image":{"@id":"https:\/\/vikingr.nl\/de\/#\/schema\/logo\/image\/"}}]}},"_links":{"self":[{"href":"https:\/\/vikingr.nl\/de\/wp-json\/wp\/v2\/pages\/5613","targetHints":{"allow":["GET"]}}],"collection":[{"href":"https:\/\/vikingr.nl\/de\/wp-json\/wp\/v2\/pages"}],"about":[{"href":"https:\/\/vikingr.nl\/de\/wp-json\/wp\/v2\/types\/page"}],"author":[{"embeddable":true,"href":"https:\/\/vikingr.nl\/de\/wp-json\/wp\/v2\/users\/1"}],"replies":[{"embeddable":true,"href":"https:\/\/vikingr.nl\/de\/wp-json\/wp\/v2\/comments?post=5613"}],"version-history":[{"count":2,"href":"https:\/\/vikingr.nl\/de\/wp-json\/wp\/v2\/pages\/5613\/revisions"}],"predecessor-version":[{"id":5615,"href":"https:\/\/vikingr.nl\/de\/wp-json\/wp\/v2\/pages\/5613\/revisions\/5615"}],"up":[{"embeddable":true,"href":"https:\/\/vikingr.nl\/de\/wp-json\/wp\/v2\/pages\/5597"}],"wp:featuredmedia":[{"embeddable":true,"href":"https:\/\/vikingr.nl\/de\/wp-json\/wp\/v2\/media\/5393"}],"wp:attachment":[{"href":"https:\/\/vikingr.nl\/de\/wp-json\/wp\/v2\/media?parent=5613"}],"curies":[{"name":"wp","href":"https:\/\/api.w.org\/{rel}","templated":true}]}}