{"id":5607,"date":"2023-10-10T14:02:49","date_gmt":"2023-10-10T14:02:49","guid":{"rendered":"https:\/\/vikingr.nl\/streuwagen\/streuwagen-vikingr-30\/"},"modified":"2025-08-04T06:47:26","modified_gmt":"2025-08-04T06:47:26","slug":"streuwagen-vikingr-30","status":"publish","type":"page","link":"https:\/\/vikingr.nl\/de\/streuwagen\/streuwagen-vikingr-30\/","title":{"rendered":"Streuwagen Vikingr 30"},"content":{"rendered":"<p>[vc_row row_type=&#8220;row&#8220; content_width=&#8220;grid&#8220; anchor=&#8220;&#8220; content_aligment=&#8220;center&#8220; css_animation=&#8220;&#8220;][vc_column][vc_row_inner row_type=&#8220;row&#8220; content_width=&#8220;full-width&#8220; content_aligment=&#8220;left&#8220; css_animation=&#8220;&#8220;][vc_column_inner width=&#8220;1\/3&#8243;][vc_empty_space][\/vc_column_inner][vc_column_inner width=&#8220;1\/3&#8243;][\/vc_column_inner][vc_column_inner width=&#8220;1\/3&#8243;][\/vc_column_inner][\/vc_row_inner][vc_empty_space height=&#8220;45&#8243;][vc_column_text]<\/p>\n<div class=\"eltd-section-title-outer-holder \">\n<div class=\"eltd-section-title-holder\">\n<h1 class=\"eltd-section-title\" style=\"text-align: center;\">BESTER PREISWERTER QUALIT\u00c4TSSTREUER<\/h1>\n<\/div>\n<\/div>\n<p>[\/vc_column_text][vc_empty_space height=&#8220;12&#8243;][vc_column_text]<\/p>\n<p style=\"text-align: center;\"><em>Der Vikingr 30 Streuwagen bietet ein solides Stangensystem, einen pr\u00e4zisen Dosierhebel, alle Vorteile von Sommer- und Winterschaufeln und gro\u00dfe Luftreifen. Diese Reifen sorgen f\u00fcr einen guten Grip im Winter und eine hervorragende Handhabung und Balance. <\/em><\/p>\n<p>[\/vc_column_text][vc_empty_space height=&#8220;64&#8243;][\/vc_column][vc_column][\/vc_column][\/vc_row][vc_row row_type=&#8220;row&#8220; content_width=&#8220;grid&#8220; anchor=&#8220;&#8220; content_aligment=&#8220;left&#8220; css_animation=&#8220;&#8220;][vc_column offset=&#8220;vc_col-lg-offset-0 vc_col-lg-6 vc_col-md-offset-0 vc_col-sm-offset-0&#8243;][vc_gallery type=&#8220;flexslider_slide&#8220; interval=&#8220;3&#8243; images=&#8220;4562,4563,4564,4565,4566,4567&#8243; img_size=&#8220;full&#8220;][\/vc_column][vc_column offset=&#8220;vc_col-lg-offset-0 vc_col-lg-6 vc_col-md-offset-0 vc_col-sm-offset-0&#8243;]<div class=\"eltd-section-title-outer-holder \" style=\"text-align: left\">\n\t<div class=\"eltd-section-title-subtitle-holder\">\n\t\t<h3 class=\"eltd-section-subtitle\" style=\";\"><\/h3>\n\t<\/div>\n\t<div class=\"eltd-section-title-holder\">\n\t\t<h2 class=\"eltd-section-title\" style=\";\">Vikingr 30<\/h2>\n\t<\/div>\n<\/div>[vc_empty_space height=&#8220;25&#8243;][vc_column_text]Die wichtigsten Merkmale des Vikingr 30 Streuwagen sind:<\/p>\n<p style=\"padding-left: 40px;\"><strong>Bestes Preis-Leistungs-Verh\u00e4ltnis<\/strong>: Bestes Preis-Leistungs-Verh\u00e4ltnis: Wenn es um das Preis-Leistungs-Verh\u00e4ltnis geht, kann man sich keinen besseren Streuer vorstellen.<\/p>\n<p style=\"padding-left: 40px;\"><strong>Nauwkeurige dosering<\/strong>: Met het instelbare doseringssysteem kunt u de hoeveelheid zout nauwkeurig regelen, zodat u geen verspilling heeft en uw oppervlakken precies de juiste hoeveelheid zout krijgen.<\/p>\n<p style=\"padding-left: 40px;\"><strong>Leichte Handhabung<\/strong>: Das ergonomische Design des Griffs und die leichtg\u00e4ngigen R\u00e4der machen das Streuen von Streusalz m\u00fchelos und komfortabel, selbst bei widrigen Wetterbedingungen.<\/p>\n<p style=\"padding-left: 40px;\"><strong>Nachhaltigkeit:<\/strong> Der Vikingr 30 ist auf Langlebigkeit ausgelegt und besteht aus hochwertigen Materialien, die den Witterungseinfl\u00fcssen und dem Verschlei\u00df standhalten, was f\u00fcr den langfristigen Einsatz bei Glatteisbeseitigung unerl\u00e4sslich ist.<\/p>\n<p><!--more--><\/p>\n<p>Ganz gleich, ob Sie f\u00fcr die Freihaltung von Gehwegen, Einfahrten, Parkpl\u00e4tzen oder anderen befestigten Fl\u00e4chen w\u00e4hrend der Wintermonate verantwortlich sind, der Vikingr 30 Streuer ist ein zuverl\u00e4ssiger Begleiter, der diese Aufgabe effizient und effektiv erf\u00fcllt. Sogar unter den winterlichsten Bedingungen. <\/p>\n<p>Der Vikingr 30 wird mit einem umfassenden Benutzerhandbuch geliefert, das wichtige Informationen zur Montage, Einstellung und Verwendung des Streuers enth\u00e4lt. In dieser Anleitung finden Sie Schritt-f\u00fcr-Schritt-Anweisungen und n\u00fctzliche Tipps, um sicherzustellen, dass Sie Ihr Streuger\u00e4t beim Streuen von Salz zur Glatteisbeseitigung optimal nutzen k\u00f6nnen. <\/p>\n<p>We recommend the environmentally friendly <a href=\"https:\/\/vikingr.nl\/milieuvriendelijk-strooizout\/\">GoGreenSalt<\/a> road salt for this professional spreader, which is suitable for use on company premises, paths, roads and tracks.[\/vc_column_text][vc_empty_space height=&#8220;48&#8243;]<a href=\"https:\/\/vikingr.nl\/verkooppunten\" target=\"_self\" style=\"background-color: #386f36\" class=\"eltd-btn eltd-btn-medium eltd-btn-solid\"  >\n    <span class=\"eltd-btn-text\">Zoek een dealer<\/span>\n    <\/a>[\/vc_column][\/vc_row][vc_row row_type=&#8220;row&#8220; content_width=&#8220;full-width&#8220; anchor=&#8220;&#8220; content_aligment=&#8220;left&#8220; css_animation=&#8220;&#8220;][vc_column][vc_empty_space height=&#8220;80&#8243;][\/vc_column][\/vc_row][vc_row row_type=&#8220;row&#8220; content_width=&#8220;full-width&#8220; anchor=&#8220;&#8220; content_aligment=&#8220;left&#8220; css_animation=&#8220;&#8220;][vc_column][vc_empty_space height=&#8220;100&#8243;][\/vc_column][\/vc_row][vc_row row_type=&#8220;row&#8220; content_width=&#8220;full-width&#8220; anchor=&#8220;&#8220; content_aligment=&#8220;left&#8220; css_animation=&#8220;&#8220;][vc_column]\n\n\t<div class=\"eltd-call-to-action normal\" style=\"padding: 30px 30px 30px 30px;;background-color: #c9c9c9;\">\n\n\t\t\t\t<div class=\"eltd-container-inner\">\n\t\t\t\t\t<div class=\"eltd-call-to-action-row-50-50 clearfix\">\n\t\t\n\t\t\t\t<div class=\"eltd-text-wrapper eltd-call-to-action-column1 eltd-call-to-action-cell\">\n\n\t\t\t\t\n\t\t\t\t\t<div class=\"eltd-call-to-action-text\" >\n\t\t\t\t\t\t<\/p>\n<h6><span style=\"color: #ffffff;\">Rufen Sie uns an unter 00 31 709 2073000 oder senden Sie eine E-Mail an info@vikingr.nl<\/span><\/h6>\n<p>\t\t\t\t\t<\/div>\n\n\t\t\t\t<\/div>\n\n\t\t\t\t\n\t\t\t\t\t<div class=\"eltd-button-wrapper eltd-call-to-action-column2 eltd-call-to-action-cell\" style =\"text-align: center ;\">\n\n\t\t\t\t\t\t<a href=\"https:\/\/vikingr.nl\/verkooppunten\/\" target=\"_self\"  class=\"eltd-btn eltd-btn-medium eltd-btn-solid\"  >    <span class=\"eltd-btn-text\">ZOEK EEN DEALER<\/span>    <\/a>\n\t\t\t\t\t<\/div>\n\n\t\t\t\t\n\t\t\t<\/div>\n\n\t\t\t\t<\/div>\n\t\t\n\t<\/div>\n\n[\/vc_column][\/vc_row][vc_row row_type=&#8220;row&#8220; content_width=&#8220;full-width&#8220; anchor=&#8220;&#8220; content_aligment=&#8220;left&#8220; css_animation=&#8220;&#8220;][vc_column][vc_empty_space height=&#8220;57&#8243;][\/vc_column][\/vc_row]<\/p>\n","protected":false},"excerpt":{"rendered":"<p>[vc_row row_type=&#8220;row&#8220; content_width=&#8220;grid&#8220; anchor=&#8220;&#8220; content_aligment=&#8220;center&#8220; css_animation=&#8220;&#8220;][vc_column][vc_row_inner row_type=&#8220;row&#8220; content_width=&#8220;full-width&#8220; content_aligment=&#8220;left&#8220; css_animation=&#8220;&#8220;][vc_column_inner width=&#8220;1\/3&#8243;][vc_empty_space][\/vc_column_inner][vc_column_inner width=&#8220;1\/3&#8243;][\/vc_column_inner][vc_column_inner width=&#8220;1\/3&#8243;][\/vc_column_inner][\/vc_row_inner][vc_empty_space height=&#8220;45&#8243;][vc_column_text] BESTER PREISWERTER QUALIT\u00c4TSSTREUER [\/vc_column_text][vc_empty_space height=&#8220;12&#8243;][vc_column_text] Der Vikingr 30 Streuwagen bietet ein solides Stangensystem, einen pr\u00e4zisen Dosierhebel, alle Vorteile von Sommer- und Winterschaufeln und gro\u00dfe Luftreifen. Diese Reifen sorgen f\u00fcr einen guten&#8230;<\/p>\n","protected":false},"author":1,"featured_media":5299,"parent":5512,"menu_order":0,"comment_status":"closed","ping_status":"closed","template":"","meta":{"footnotes":""},"class_list":["post-5607","page","type-page","status-publish","has-post-thumbnail","hentry"],"yoast_head":"<!-- This site is optimized with the Yoast SEO plugin v27.5 - https:\/\/yoast.com\/product\/yoast-seo-wordpress\/ -->\n<title>Streuwagen Vikingr 30<\/title>\n<meta name=\"description\" content=\"Streuwagen mit einem unschlagbaren Preis-Leistungs-Verh\u00e4ltnis, der sich durch einen stabilen Rahmen, einen pr\u00e4zisen Dosierhebel und gro\u00dfe Luftreifen auszeichnet.\" \/>\n<meta name=\"robots\" content=\"index, follow, max-snippet:-1, max-image-preview:large, max-video-preview:-1\" \/>\n<link rel=\"canonical\" href=\"https:\/\/vikingr.nl\/de\/streuwagen\/streuwagen-vikingr-30\/\" \/>\n<meta property=\"og:locale\" content=\"de_DE\" \/>\n<meta property=\"og:type\" content=\"article\" \/>\n<meta property=\"og:title\" content=\"Streuwagen Vikingr 30\" \/>\n<meta property=\"og:description\" content=\"Streuwagen mit einem unschlagbaren Preis-Leistungs-Verh\u00e4ltnis, der sich durch einen stabilen Rahmen, einen pr\u00e4zisen Dosierhebel und gro\u00dfe Luftreifen auszeichnet.\" \/>\n<meta property=\"og:url\" content=\"https:\/\/vikingr.nl\/de\/streuwagen\/streuwagen-vikingr-30\/\" \/>\n<meta property=\"og:site_name\" content=\"Vikingr\" \/>\n<meta property=\"article:modified_time\" content=\"2025-08-04T06:47:26+00:00\" \/>\n<meta property=\"og:image\" content=\"https:\/\/vikingr.nl\/wp-content\/uploads\/2023\/09\/Vikingr-CR25-Shot01.png\" \/>\n\t<meta property=\"og:image:width\" content=\"720\" \/>\n\t<meta property=\"og:image:height\" content=\"900\" \/>\n\t<meta property=\"og:image:type\" content=\"image\/png\" \/>\n<meta name=\"twitter:card\" content=\"summary_large_image\" \/>\n<meta name=\"twitter:label1\" content=\"Gesch\u00e4tzte Lesezeit\" \/>\n\t<meta name=\"twitter:data1\" content=\"3\u00a0Minuten\" \/>\n<script type=\"application\/ld+json\" class=\"yoast-schema-graph\">{\"@context\":\"https:\\\/\\\/schema.org\",\"@graph\":[{\"@type\":\"WebPage\",\"@id\":\"https:\\\/\\\/vikingr.nl\\\/de\\\/streuwagen\\\/streuwagen-vikingr-30\\\/\",\"url\":\"https:\\\/\\\/vikingr.nl\\\/de\\\/streuwagen\\\/streuwagen-vikingr-30\\\/\",\"name\":\"Streuwagen Vikingr 30\",\"isPartOf\":{\"@id\":\"https:\\\/\\\/vikingr.nl\\\/de\\\/#website\"},\"primaryImageOfPage\":{\"@id\":\"https:\\\/\\\/vikingr.nl\\\/de\\\/streuwagen\\\/streuwagen-vikingr-30\\\/#primaryimage\"},\"image\":{\"@id\":\"https:\\\/\\\/vikingr.nl\\\/de\\\/streuwagen\\\/streuwagen-vikingr-30\\\/#primaryimage\"},\"thumbnailUrl\":\"https:\\\/\\\/vikingr.nl\\\/wp-content\\\/uploads\\\/2023\\\/09\\\/Vikingr-CR25-Shot01.png\",\"datePublished\":\"2023-10-10T14:02:49+00:00\",\"dateModified\":\"2025-08-04T06:47:26+00:00\",\"description\":\"Streuwagen mit einem unschlagbaren Preis-Leistungs-Verh\u00e4ltnis, der sich durch einen stabilen Rahmen, einen pr\u00e4zisen Dosierhebel und gro\u00dfe Luftreifen auszeichnet.\",\"breadcrumb\":{\"@id\":\"https:\\\/\\\/vikingr.nl\\\/de\\\/streuwagen\\\/streuwagen-vikingr-30\\\/#breadcrumb\"},\"inLanguage\":\"de\",\"potentialAction\":[{\"@type\":\"ReadAction\",\"target\":[\"https:\\\/\\\/vikingr.nl\\\/de\\\/streuwagen\\\/streuwagen-vikingr-30\\\/\"]}]},{\"@type\":\"ImageObject\",\"inLanguage\":\"de\",\"@id\":\"https:\\\/\\\/vikingr.nl\\\/de\\\/streuwagen\\\/streuwagen-vikingr-30\\\/#primaryimage\",\"url\":\"https:\\\/\\\/vikingr.nl\\\/wp-content\\\/uploads\\\/2023\\\/09\\\/Vikingr-CR25-Shot01.png\",\"contentUrl\":\"https:\\\/\\\/vikingr.nl\\\/wp-content\\\/uploads\\\/2023\\\/09\\\/Vikingr-CR25-Shot01.png\",\"width\":720,\"height\":900,\"caption\":\"strooiwagen\"},{\"@type\":\"BreadcrumbList\",\"@id\":\"https:\\\/\\\/vikingr.nl\\\/de\\\/streuwagen\\\/streuwagen-vikingr-30\\\/#breadcrumb\",\"itemListElement\":[{\"@type\":\"ListItem\",\"position\":1,\"name\":\"Home\",\"item\":\"https:\\\/\\\/vikingr.nl\\\/de\\\/\"},{\"@type\":\"ListItem\",\"position\":2,\"name\":\"Streuwagen\",\"item\":\"https:\\\/\\\/vikingr.nl\\\/de\\\/streuwagen\\\/\"},{\"@type\":\"ListItem\",\"position\":3,\"name\":\"Streuwagen Vikingr 30\"}]},{\"@type\":\"WebSite\",\"@id\":\"https:\\\/\\\/vikingr.nl\\\/de\\\/#website\",\"url\":\"https:\\\/\\\/vikingr.nl\\\/de\\\/\",\"name\":\"Vikingr\",\"description\":\"Zoutkisten en strooiwagens\",\"publisher\":{\"@id\":\"https:\\\/\\\/vikingr.nl\\\/de\\\/#organization\"},\"potentialAction\":[{\"@type\":\"SearchAction\",\"target\":{\"@type\":\"EntryPoint\",\"urlTemplate\":\"https:\\\/\\\/vikingr.nl\\\/de\\\/?s={search_term_string}\"},\"query-input\":{\"@type\":\"PropertyValueSpecification\",\"valueRequired\":true,\"valueName\":\"search_term_string\"}}],\"inLanguage\":\"de\"},{\"@type\":\"Organization\",\"@id\":\"https:\\\/\\\/vikingr.nl\\\/de\\\/#organization\",\"name\":\"Vikingr\",\"url\":\"https:\\\/\\\/vikingr.nl\\\/de\\\/\",\"logo\":{\"@type\":\"ImageObject\",\"inLanguage\":\"de\",\"@id\":\"https:\\\/\\\/vikingr.nl\\\/de\\\/#\\\/schema\\\/logo\\\/image\\\/\",\"url\":\"https:\\\/\\\/vikingr.nl\\\/wp-content\\\/uploads\\\/2020\\\/12\\\/cropped-logo.png\",\"contentUrl\":\"https:\\\/\\\/vikingr.nl\\\/wp-content\\\/uploads\\\/2020\\\/12\\\/cropped-logo.png\",\"width\":131,\"height\":71,\"caption\":\"Vikingr\"},\"image\":{\"@id\":\"https:\\\/\\\/vikingr.nl\\\/de\\\/#\\\/schema\\\/logo\\\/image\\\/\"}}]}<\/script>\n<!-- \/ Yoast SEO plugin. -->","yoast_head_json":{"title":"Streuwagen Vikingr 30","description":"Streuwagen mit einem unschlagbaren Preis-Leistungs-Verh\u00e4ltnis, der sich durch einen stabilen Rahmen, einen pr\u00e4zisen Dosierhebel und gro\u00dfe Luftreifen auszeichnet.","robots":{"index":"index","follow":"follow","max-snippet":"max-snippet:-1","max-image-preview":"max-image-preview:large","max-video-preview":"max-video-preview:-1"},"canonical":"https:\/\/vikingr.nl\/de\/streuwagen\/streuwagen-vikingr-30\/","og_locale":"de_DE","og_type":"article","og_title":"Streuwagen Vikingr 30","og_description":"Streuwagen mit einem unschlagbaren Preis-Leistungs-Verh\u00e4ltnis, der sich durch einen stabilen Rahmen, einen pr\u00e4zisen Dosierhebel und gro\u00dfe Luftreifen auszeichnet.","og_url":"https:\/\/vikingr.nl\/de\/streuwagen\/streuwagen-vikingr-30\/","og_site_name":"Vikingr","article_modified_time":"2025-08-04T06:47:26+00:00","og_image":[{"width":720,"height":900,"url":"https:\/\/vikingr.nl\/wp-content\/uploads\/2023\/09\/Vikingr-CR25-Shot01.png","type":"image\/png"}],"twitter_card":"summary_large_image","twitter_misc":{"Gesch\u00e4tzte Lesezeit":"3\u00a0Minuten"},"schema":{"@context":"https:\/\/schema.org","@graph":[{"@type":"WebPage","@id":"https:\/\/vikingr.nl\/de\/streuwagen\/streuwagen-vikingr-30\/","url":"https:\/\/vikingr.nl\/de\/streuwagen\/streuwagen-vikingr-30\/","name":"Streuwagen Vikingr 30","isPartOf":{"@id":"https:\/\/vikingr.nl\/de\/#website"},"primaryImageOfPage":{"@id":"https:\/\/vikingr.nl\/de\/streuwagen\/streuwagen-vikingr-30\/#primaryimage"},"image":{"@id":"https:\/\/vikingr.nl\/de\/streuwagen\/streuwagen-vikingr-30\/#primaryimage"},"thumbnailUrl":"https:\/\/vikingr.nl\/wp-content\/uploads\/2023\/09\/Vikingr-CR25-Shot01.png","datePublished":"2023-10-10T14:02:49+00:00","dateModified":"2025-08-04T06:47:26+00:00","description":"Streuwagen mit einem unschlagbaren Preis-Leistungs-Verh\u00e4ltnis, der sich durch einen stabilen Rahmen, einen pr\u00e4zisen Dosierhebel und gro\u00dfe Luftreifen auszeichnet.","breadcrumb":{"@id":"https:\/\/vikingr.nl\/de\/streuwagen\/streuwagen-vikingr-30\/#breadcrumb"},"inLanguage":"de","potentialAction":[{"@type":"ReadAction","target":["https:\/\/vikingr.nl\/de\/streuwagen\/streuwagen-vikingr-30\/"]}]},{"@type":"ImageObject","inLanguage":"de","@id":"https:\/\/vikingr.nl\/de\/streuwagen\/streuwagen-vikingr-30\/#primaryimage","url":"https:\/\/vikingr.nl\/wp-content\/uploads\/2023\/09\/Vikingr-CR25-Shot01.png","contentUrl":"https:\/\/vikingr.nl\/wp-content\/uploads\/2023\/09\/Vikingr-CR25-Shot01.png","width":720,"height":900,"caption":"strooiwagen"},{"@type":"BreadcrumbList","@id":"https:\/\/vikingr.nl\/de\/streuwagen\/streuwagen-vikingr-30\/#breadcrumb","itemListElement":[{"@type":"ListItem","position":1,"name":"Home","item":"https:\/\/vikingr.nl\/de\/"},{"@type":"ListItem","position":2,"name":"Streuwagen","item":"https:\/\/vikingr.nl\/de\/streuwagen\/"},{"@type":"ListItem","position":3,"name":"Streuwagen Vikingr 30"}]},{"@type":"WebSite","@id":"https:\/\/vikingr.nl\/de\/#website","url":"https:\/\/vikingr.nl\/de\/","name":"Vikingr","description":"Zoutkisten en strooiwagens","publisher":{"@id":"https:\/\/vikingr.nl\/de\/#organization"},"potentialAction":[{"@type":"SearchAction","target":{"@type":"EntryPoint","urlTemplate":"https:\/\/vikingr.nl\/de\/?s={search_term_string}"},"query-input":{"@type":"PropertyValueSpecification","valueRequired":true,"valueName":"search_term_string"}}],"inLanguage":"de"},{"@type":"Organization","@id":"https:\/\/vikingr.nl\/de\/#organization","name":"Vikingr","url":"https:\/\/vikingr.nl\/de\/","logo":{"@type":"ImageObject","inLanguage":"de","@id":"https:\/\/vikingr.nl\/de\/#\/schema\/logo\/image\/","url":"https:\/\/vikingr.nl\/wp-content\/uploads\/2020\/12\/cropped-logo.png","contentUrl":"https:\/\/vikingr.nl\/wp-content\/uploads\/2020\/12\/cropped-logo.png","width":131,"height":71,"caption":"Vikingr"},"image":{"@id":"https:\/\/vikingr.nl\/de\/#\/schema\/logo\/image\/"}}]}},"_links":{"self":[{"href":"https:\/\/vikingr.nl\/de\/wp-json\/wp\/v2\/pages\/5607","targetHints":{"allow":["GET"]}}],"collection":[{"href":"https:\/\/vikingr.nl\/de\/wp-json\/wp\/v2\/pages"}],"about":[{"href":"https:\/\/vikingr.nl\/de\/wp-json\/wp\/v2\/types\/page"}],"author":[{"embeddable":true,"href":"https:\/\/vikingr.nl\/de\/wp-json\/wp\/v2\/users\/1"}],"replies":[{"embeddable":true,"href":"https:\/\/vikingr.nl\/de\/wp-json\/wp\/v2\/comments?post=5607"}],"version-history":[{"count":5,"href":"https:\/\/vikingr.nl\/de\/wp-json\/wp\/v2\/pages\/5607\/revisions"}],"predecessor-version":[{"id":5612,"href":"https:\/\/vikingr.nl\/de\/wp-json\/wp\/v2\/pages\/5607\/revisions\/5612"}],"up":[{"embeddable":true,"href":"https:\/\/vikingr.nl\/de\/wp-json\/wp\/v2\/pages\/5512"}],"wp:featuredmedia":[{"embeddable":true,"href":"https:\/\/vikingr.nl\/de\/wp-json\/wp\/v2\/media\/5299"}],"wp:attachment":[{"href":"https:\/\/vikingr.nl\/de\/wp-json\/wp\/v2\/media?parent=5607"}],"curies":[{"name":"wp","href":"https:\/\/api.w.org\/{rel}","templated":true}]}}