{"id":5582,"date":"2024-08-05T10:12:41","date_gmt":"2024-08-05T10:12:41","guid":{"rendered":"https:\/\/vikingr.nl\/streuwagen\/streuwagen-vikingr-40-edelstahl\/"},"modified":"2025-08-01T08:44:48","modified_gmt":"2025-08-01T08:44:48","slug":"streuwagen-vikingr-40-edelstahl","status":"publish","type":"page","link":"https:\/\/vikingr.nl\/de\/streuwagen\/streuwagen-vikingr-40-edelstahl\/","title":{"rendered":"Streuwagen Vikingr 40 Edelstahl"},"content":{"rendered":"<p>[vc_row row_type=&#8220;row&#8220; content_width=&#8220;grid&#8220; anchor=&#8220;&#8220; content_aligment=&#8220;center&#8220; css_animation=&#8220;&#8220;][vc_column][vc_row_inner row_type=&#8220;row&#8220; content_width=&#8220;full-width&#8220; content_aligment=&#8220;left&#8220; css_animation=&#8220;&#8220;][vc_column_inner width=&#8220;1\/3&#8243;][vc_empty_space][\/vc_column_inner][vc_column_inner width=&#8220;1\/3&#8243;][\/vc_column_inner][vc_column_inner width=&#8220;1\/3&#8243;][\/vc_column_inner][\/vc_row_inner][vc_empty_space height=&#8220;45&#8243;][vc_column_text]<\/p>\n<div class=\"eltd-section-title-outer-holder \">\n<div class=\"eltd-section-title-holder\">\n<h1 class=\"eltd-section-title\" style=\"text-align: center;\">UN\u00dcBERTROFFENE QUALIT\u00c4T IN BEZUG AUF GENAUIGKEIT<\/h1>\n<\/div>\n<\/div>\n<p>[\/vc_column_text][vc_empty_space height=&#8220;12&#8243;][vc_column_text]<\/p>\n<p style=\"text-align: center;\"><em>Edelstahl-Streuwagen Vikingr 40, ein robuster Streuwagen f\u00fcr den ambitionierten Hobbyg\u00e4rtner und Profi, entwickelt, um Streusalz und andere k\u00f6rnige Materialien gleichm\u00e4\u00dfig auf Pflastersteinen und anderen Oberfl\u00e4chen zu verteilen.<\/em><\/p>\n<p>[\/vc_column_text][vc_empty_space height=&#8220;64&#8243;][\/vc_column][\/vc_row][vc_row row_type=&#8220;row&#8220; content_width=&#8220;grid&#8220; anchor=&#8220;&#8220; content_aligment=&#8220;left&#8220; css_animation=&#8220;&#8220;][vc_column offset=&#8220;vc_col-lg-offset-0 vc_col-lg-6 vc_col-md-offset-0 vc_col-sm-offset-0&#8243;][vc_gallery type=&#8220;flexslider_slide&#8220; interval=&#8220;3&#8243; images=&#8220;4562,4563,4564,4565,4566,4567,4878&#8243; img_size=&#8220;full&#8220;][\/vc_column][vc_column offset=&#8220;vc_col-lg-offset-0 vc_col-lg-6 vc_col-md-offset-0 vc_col-sm-offset-0&#8243;]<div class=\"eltd-section-title-outer-holder \" style=\"text-align: left\">\n\t<div class=\"eltd-section-title-subtitle-holder\">\n\t\t<h3 class=\"eltd-section-subtitle\" style=\";\"><\/h3>\n\t<\/div>\n\t<div class=\"eltd-section-title-holder\">\n\t\t<h2 class=\"eltd-section-title\" style=\";\">RVS Strooiwagen Vikingr 40<\/h2>\n\t<\/div>\n<\/div>[vc_empty_space height=&#8220;25&#8243;][vc_column_text]Die wichtigsten Merkmale des Vikingr 40 Edelstahl-Streuwagens sind:<\/p>\n<ol>\n<li><strong>Genaue Dosierung<\/strong>: Mit dem einstellbaren Dosiersystem k\u00f6nnen Sie die Salzmenge genau regulieren, sodass keine Verschwendung entsteht und Ihre Fl\u00e4chen genau die richtige Menge Salz erhalten.<\/li>\n<li><strong>Einfache Bedienung<\/strong>: Das ergonomische Design des Griffs und die leichtg\u00e4ngigen R\u00e4der machen das Streuen von Streusalz m\u00fchelos und komfortabel, selbst unter widrigen Wetterbedingungen.<\/li>\n<li><strong>Nachhaltigkeit<\/strong>: Der Vikingr 40 aus Edelstahl ist auf Langlebigkeit ausgelegt und besteht aus hochwertigen Materialien, die den Elementen und Abnutzung standhalten, was f\u00fcr den langfristigen Einsatz bei der Gl\u00e4ttebek\u00e4mpfung unerl\u00e4sslich ist.<\/li>\n<li><strong>Gro\u00dfe Kapazit\u00e4t<\/strong>: Dieser Streuer verf\u00fcgt \u00fcber eine gro\u00dfz\u00fcgige Kapazit\u00e4t, sodass Sie w\u00e4hrend der Gl\u00e4ttebek\u00e4mpfung weniger oft nachf\u00fcllen m\u00fcssen.<\/li>\n<\/ol>\n<p>Ob Sie nun f\u00fcr die R\u00e4umung von Gehwegen, Auffahrten, Parkpl\u00e4tzen oder anderen gepflasterten Fl\u00e4chen w\u00e4hrend der Wintermonate verantwortlich sind, der Streuwagen Vikingr 40 ist ein zuverl\u00e4ssiger Begleiter, um diese Aufgabe effizient und effektiv zu erledigen. Selbst unter den winterlichsten Bedingungen.<\/p>\n<p>Der Vikingr 40 aus Edelstahl wird mit einer ausf\u00fchrlichen Bedienungsanleitung geliefert, die wichtige Informationen zum Zusammenbau, zur Einstellung und zur Verwendung des Streuers enth\u00e4lt. Dieses Handbuch enth\u00e4lt Schritt-f\u00fcr-Schritt-Anleitungen und n\u00fctzliche Tipps, damit Sie Ihren Streuer beim Ausbringen von Streusalz zur Gl\u00e4ttebek\u00e4mpfung optimal nutzen k\u00f6nnen.<\/p>\n<p>Als Winterstreusalz empfehlen wir das CO2-neutrale <a href=\"https:\/\/vikingr.nl\/milieuvriendelijk-strooizout\/\">GoGreenSalt<\/a>.[\/vc_column_text][vc_empty_space height=&#8220;48&#8243;]<a href=\"https:\/\/vikingr.nl\/zoekeenwinkel\/\" target=\"_self\" style=\"background-color: #386f36\" class=\"eltd-btn eltd-btn-medium eltd-btn-solid\"  >\n    <span class=\"eltd-btn-text\">Zoek een vestiging<\/span>\n    <\/a>[\/vc_column][\/vc_row][vc_row row_type=&#8220;row&#8220; content_width=&#8220;full-width&#8220; anchor=&#8220;&#8220; content_aligment=&#8220;left&#8220; css_animation=&#8220;&#8220;][vc_column][vc_empty_space height=&#8220;80&#8243;][\/vc_column][\/vc_row][vc_row row_type=&#8220;row&#8220; content_width=&#8220;full-width&#8220; anchor=&#8220;&#8220; content_aligment=&#8220;left&#8220; css_animation=&#8220;&#8220;][vc_column][vc_empty_space height=&#8220;100&#8243;][\/vc_column][\/vc_row][vc_row row_type=&#8220;row&#8220; content_width=&#8220;full-width&#8220; anchor=&#8220;&#8220; content_aligment=&#8220;left&#8220; css_animation=&#8220;&#8220;][vc_column]\n\n\t<div class=\"eltd-call-to-action normal\" style=\"padding: 30px 30px 30px 30px;;background-color: #c9c9c9;\">\n\n\t\t\t\t<div class=\"eltd-container-inner\">\n\t\t\t\t\t<div class=\"eltd-call-to-action-row-50-50 clearfix\">\n\t\t\n\t\t\t\t<div class=\"eltd-text-wrapper eltd-call-to-action-column1 eltd-call-to-action-cell\">\n\n\t\t\t\t\n\t\t\t\t\t<div class=\"eltd-call-to-action-text\" >\n\t\t\t\t\t\t<\/p>\n<h6><span style=\"color: #ffffff;\">Rufen Sie uns unter 00 31 79 2073000 an oder senden Sie eine E-Mail an info@vikingr.nl.<\/span><\/h6>\n<p>\t\t\t\t\t<\/div>\n\n\t\t\t\t<\/div>\n\n\t\t\t\t\n\t\t\t\t\t<div class=\"eltd-button-wrapper eltd-call-to-action-column2 eltd-call-to-action-cell\" style =\"text-align: center ;\">\n\n\t\t\t\t\t\t<a href=\"https:\/\/vikingr.nl\/verkooppunten\/\" target=\"_self\"  class=\"eltd-btn eltd-btn-medium eltd-btn-solid\"  >    <span class=\"eltd-btn-text\">ZOEK EEN DEALER<\/span>    <\/a>\n\t\t\t\t\t<\/div>\n\n\t\t\t\t\n\t\t\t<\/div>\n\n\t\t\t\t<\/div>\n\t\t\n\t<\/div>\n\n[\/vc_column][\/vc_row][vc_row row_type=&#8220;row&#8220; content_width=&#8220;full-width&#8220; anchor=&#8220;&#8220; content_aligment=&#8220;left&#8220; css_animation=&#8220;&#8220;][vc_column][vc_empty_space height=&#8220;57&#8243;][\/vc_column][\/vc_row]<\/p>\n","protected":false},"excerpt":{"rendered":"<p>[vc_row row_type=&#8220;row&#8220; content_width=&#8220;grid&#8220; anchor=&#8220;&#8220; content_aligment=&#8220;center&#8220; css_animation=&#8220;&#8220;][vc_column][vc_row_inner row_type=&#8220;row&#8220; content_width=&#8220;full-width&#8220; content_aligment=&#8220;left&#8220; css_animation=&#8220;&#8220;][vc_column_inner width=&#8220;1\/3&#8243;][vc_empty_space][\/vc_column_inner][vc_column_inner width=&#8220;1\/3&#8243;][\/vc_column_inner][vc_column_inner width=&#8220;1\/3&#8243;][\/vc_column_inner][\/vc_row_inner][vc_empty_space height=&#8220;45&#8243;][vc_column_text] UN\u00dcBERTROFFENE QUALIT\u00c4T IN BEZUG AUF GENAUIGKEIT [\/vc_column_text][vc_empty_space height=&#8220;12&#8243;][vc_column_text] Edelstahl-Streuwagen Vikingr 40, ein robuster Streuwagen f\u00fcr den ambitionierten Hobbyg\u00e4rtner und Profi, entwickelt, um Streusalz und andere k\u00f6rnige Materialien gleichm\u00e4\u00dfig auf Pflastersteinen und&#8230;<\/p>\n","protected":false},"author":1,"featured_media":5449,"parent":5512,"menu_order":0,"comment_status":"closed","ping_status":"closed","template":"","meta":{"footnotes":""},"class_list":["post-5582","page","type-page","status-publish","has-post-thumbnail","hentry"],"yoast_head":"<!-- This site is optimized with the Yoast SEO plugin v27.5 - https:\/\/yoast.com\/product\/yoast-seo-wordpress\/ -->\n<title>Edelstahl-Streuwagen Vikingr 40<\/title>\n<meta name=\"description\" content=\"Edelstahl-Streuwagen Vikingr 40 f\u00fcr den professionellen Anwender zum Enteisen von Gehwegen, Stra\u00dfen, Radwegen und Parkpl\u00e4tzen.\" \/>\n<meta name=\"robots\" content=\"index, follow, max-snippet:-1, max-image-preview:large, max-video-preview:-1\" \/>\n<link rel=\"canonical\" href=\"https:\/\/vikingr.nl\/de\/streuwagen\/streuwagen-vikingr-40-edelstahl\/\" \/>\n<meta property=\"og:locale\" content=\"de_DE\" \/>\n<meta property=\"og:type\" content=\"article\" \/>\n<meta property=\"og:title\" content=\"Edelstahl-Streuwagen Vikingr 40\" \/>\n<meta property=\"og:description\" content=\"Edelstahl-Streuwagen Vikingr 40 f\u00fcr den professionellen Anwender zum Enteisen von Gehwegen, Stra\u00dfen, Radwegen und Parkpl\u00e4tzen.\" \/>\n<meta property=\"og:url\" content=\"https:\/\/vikingr.nl\/de\/streuwagen\/streuwagen-vikingr-40-edelstahl\/\" \/>\n<meta property=\"og:site_name\" content=\"Vikingr\" \/>\n<meta property=\"article:modified_time\" content=\"2025-08-01T08:44:48+00:00\" \/>\n<meta property=\"og:image\" content=\"https:\/\/vikingr.nl\/wp-content\/uploads\/2024\/07\/Vikingr-40_RVS-zijkant.jpg\" \/>\n\t<meta property=\"og:image:width\" content=\"700\" \/>\n\t<meta property=\"og:image:height\" content=\"700\" \/>\n\t<meta property=\"og:image:type\" content=\"image\/jpeg\" \/>\n<meta name=\"twitter:card\" content=\"summary_large_image\" \/>\n<meta name=\"twitter:label1\" content=\"Gesch\u00e4tzte Lesezeit\" \/>\n\t<meta name=\"twitter:data1\" content=\"3\u00a0Minuten\" \/>\n<script type=\"application\/ld+json\" class=\"yoast-schema-graph\">{\"@context\":\"https:\\\/\\\/schema.org\",\"@graph\":[{\"@type\":\"WebPage\",\"@id\":\"https:\\\/\\\/vikingr.nl\\\/de\\\/streuwagen\\\/streuwagen-vikingr-40-edelstahl\\\/\",\"url\":\"https:\\\/\\\/vikingr.nl\\\/de\\\/streuwagen\\\/streuwagen-vikingr-40-edelstahl\\\/\",\"name\":\"Edelstahl-Streuwagen Vikingr 40\",\"isPartOf\":{\"@id\":\"https:\\\/\\\/vikingr.nl\\\/de\\\/#website\"},\"primaryImageOfPage\":{\"@id\":\"https:\\\/\\\/vikingr.nl\\\/de\\\/streuwagen\\\/streuwagen-vikingr-40-edelstahl\\\/#primaryimage\"},\"image\":{\"@id\":\"https:\\\/\\\/vikingr.nl\\\/de\\\/streuwagen\\\/streuwagen-vikingr-40-edelstahl\\\/#primaryimage\"},\"thumbnailUrl\":\"https:\\\/\\\/vikingr.nl\\\/wp-content\\\/uploads\\\/2024\\\/07\\\/Vikingr-40_RVS-zijkant.jpg\",\"datePublished\":\"2024-08-05T10:12:41+00:00\",\"dateModified\":\"2025-08-01T08:44:48+00:00\",\"description\":\"Edelstahl-Streuwagen Vikingr 40 f\u00fcr den professionellen Anwender zum Enteisen von Gehwegen, Stra\u00dfen, Radwegen und Parkpl\u00e4tzen.\",\"breadcrumb\":{\"@id\":\"https:\\\/\\\/vikingr.nl\\\/de\\\/streuwagen\\\/streuwagen-vikingr-40-edelstahl\\\/#breadcrumb\"},\"inLanguage\":\"de\",\"potentialAction\":[{\"@type\":\"ReadAction\",\"target\":[\"https:\\\/\\\/vikingr.nl\\\/de\\\/streuwagen\\\/streuwagen-vikingr-40-edelstahl\\\/\"]}]},{\"@type\":\"ImageObject\",\"inLanguage\":\"de\",\"@id\":\"https:\\\/\\\/vikingr.nl\\\/de\\\/streuwagen\\\/streuwagen-vikingr-40-edelstahl\\\/#primaryimage\",\"url\":\"https:\\\/\\\/vikingr.nl\\\/wp-content\\\/uploads\\\/2024\\\/07\\\/Vikingr-40_RVS-zijkant.jpg\",\"contentUrl\":\"https:\\\/\\\/vikingr.nl\\\/wp-content\\\/uploads\\\/2024\\\/07\\\/Vikingr-40_RVS-zijkant.jpg\",\"width\":700,\"height\":700,\"caption\":\"RVS Strooiwagen Vikingr 40\"},{\"@type\":\"BreadcrumbList\",\"@id\":\"https:\\\/\\\/vikingr.nl\\\/de\\\/streuwagen\\\/streuwagen-vikingr-40-edelstahl\\\/#breadcrumb\",\"itemListElement\":[{\"@type\":\"ListItem\",\"position\":1,\"name\":\"Home\",\"item\":\"https:\\\/\\\/vikingr.nl\\\/de\\\/\"},{\"@type\":\"ListItem\",\"position\":2,\"name\":\"Streuwagen\",\"item\":\"https:\\\/\\\/vikingr.nl\\\/de\\\/streuwagen\\\/\"},{\"@type\":\"ListItem\",\"position\":3,\"name\":\"Streuwagen Vikingr 40 Edelstahl\"}]},{\"@type\":\"WebSite\",\"@id\":\"https:\\\/\\\/vikingr.nl\\\/de\\\/#website\",\"url\":\"https:\\\/\\\/vikingr.nl\\\/de\\\/\",\"name\":\"Vikingr\",\"description\":\"Zoutkisten en strooiwagens\",\"publisher\":{\"@id\":\"https:\\\/\\\/vikingr.nl\\\/de\\\/#organization\"},\"potentialAction\":[{\"@type\":\"SearchAction\",\"target\":{\"@type\":\"EntryPoint\",\"urlTemplate\":\"https:\\\/\\\/vikingr.nl\\\/de\\\/?s={search_term_string}\"},\"query-input\":{\"@type\":\"PropertyValueSpecification\",\"valueRequired\":true,\"valueName\":\"search_term_string\"}}],\"inLanguage\":\"de\"},{\"@type\":\"Organization\",\"@id\":\"https:\\\/\\\/vikingr.nl\\\/de\\\/#organization\",\"name\":\"Vikingr\",\"url\":\"https:\\\/\\\/vikingr.nl\\\/de\\\/\",\"logo\":{\"@type\":\"ImageObject\",\"inLanguage\":\"de\",\"@id\":\"https:\\\/\\\/vikingr.nl\\\/de\\\/#\\\/schema\\\/logo\\\/image\\\/\",\"url\":\"https:\\\/\\\/vikingr.nl\\\/wp-content\\\/uploads\\\/2020\\\/12\\\/cropped-logo.png\",\"contentUrl\":\"https:\\\/\\\/vikingr.nl\\\/wp-content\\\/uploads\\\/2020\\\/12\\\/cropped-logo.png\",\"width\":131,\"height\":71,\"caption\":\"Vikingr\"},\"image\":{\"@id\":\"https:\\\/\\\/vikingr.nl\\\/de\\\/#\\\/schema\\\/logo\\\/image\\\/\"}}]}<\/script>\n<!-- \/ Yoast SEO plugin. -->","yoast_head_json":{"title":"Edelstahl-Streuwagen Vikingr 40","description":"Edelstahl-Streuwagen Vikingr 40 f\u00fcr den professionellen Anwender zum Enteisen von Gehwegen, Stra\u00dfen, Radwegen und Parkpl\u00e4tzen.","robots":{"index":"index","follow":"follow","max-snippet":"max-snippet:-1","max-image-preview":"max-image-preview:large","max-video-preview":"max-video-preview:-1"},"canonical":"https:\/\/vikingr.nl\/de\/streuwagen\/streuwagen-vikingr-40-edelstahl\/","og_locale":"de_DE","og_type":"article","og_title":"Edelstahl-Streuwagen Vikingr 40","og_description":"Edelstahl-Streuwagen Vikingr 40 f\u00fcr den professionellen Anwender zum Enteisen von Gehwegen, Stra\u00dfen, Radwegen und Parkpl\u00e4tzen.","og_url":"https:\/\/vikingr.nl\/de\/streuwagen\/streuwagen-vikingr-40-edelstahl\/","og_site_name":"Vikingr","article_modified_time":"2025-08-01T08:44:48+00:00","og_image":[{"width":700,"height":700,"url":"https:\/\/vikingr.nl\/wp-content\/uploads\/2024\/07\/Vikingr-40_RVS-zijkant.jpg","type":"image\/jpeg"}],"twitter_card":"summary_large_image","twitter_misc":{"Gesch\u00e4tzte Lesezeit":"3\u00a0Minuten"},"schema":{"@context":"https:\/\/schema.org","@graph":[{"@type":"WebPage","@id":"https:\/\/vikingr.nl\/de\/streuwagen\/streuwagen-vikingr-40-edelstahl\/","url":"https:\/\/vikingr.nl\/de\/streuwagen\/streuwagen-vikingr-40-edelstahl\/","name":"Edelstahl-Streuwagen Vikingr 40","isPartOf":{"@id":"https:\/\/vikingr.nl\/de\/#website"},"primaryImageOfPage":{"@id":"https:\/\/vikingr.nl\/de\/streuwagen\/streuwagen-vikingr-40-edelstahl\/#primaryimage"},"image":{"@id":"https:\/\/vikingr.nl\/de\/streuwagen\/streuwagen-vikingr-40-edelstahl\/#primaryimage"},"thumbnailUrl":"https:\/\/vikingr.nl\/wp-content\/uploads\/2024\/07\/Vikingr-40_RVS-zijkant.jpg","datePublished":"2024-08-05T10:12:41+00:00","dateModified":"2025-08-01T08:44:48+00:00","description":"Edelstahl-Streuwagen Vikingr 40 f\u00fcr den professionellen Anwender zum Enteisen von Gehwegen, Stra\u00dfen, Radwegen und Parkpl\u00e4tzen.","breadcrumb":{"@id":"https:\/\/vikingr.nl\/de\/streuwagen\/streuwagen-vikingr-40-edelstahl\/#breadcrumb"},"inLanguage":"de","potentialAction":[{"@type":"ReadAction","target":["https:\/\/vikingr.nl\/de\/streuwagen\/streuwagen-vikingr-40-edelstahl\/"]}]},{"@type":"ImageObject","inLanguage":"de","@id":"https:\/\/vikingr.nl\/de\/streuwagen\/streuwagen-vikingr-40-edelstahl\/#primaryimage","url":"https:\/\/vikingr.nl\/wp-content\/uploads\/2024\/07\/Vikingr-40_RVS-zijkant.jpg","contentUrl":"https:\/\/vikingr.nl\/wp-content\/uploads\/2024\/07\/Vikingr-40_RVS-zijkant.jpg","width":700,"height":700,"caption":"RVS Strooiwagen Vikingr 40"},{"@type":"BreadcrumbList","@id":"https:\/\/vikingr.nl\/de\/streuwagen\/streuwagen-vikingr-40-edelstahl\/#breadcrumb","itemListElement":[{"@type":"ListItem","position":1,"name":"Home","item":"https:\/\/vikingr.nl\/de\/"},{"@type":"ListItem","position":2,"name":"Streuwagen","item":"https:\/\/vikingr.nl\/de\/streuwagen\/"},{"@type":"ListItem","position":3,"name":"Streuwagen Vikingr 40 Edelstahl"}]},{"@type":"WebSite","@id":"https:\/\/vikingr.nl\/de\/#website","url":"https:\/\/vikingr.nl\/de\/","name":"Vikingr","description":"Zoutkisten en strooiwagens","publisher":{"@id":"https:\/\/vikingr.nl\/de\/#organization"},"potentialAction":[{"@type":"SearchAction","target":{"@type":"EntryPoint","urlTemplate":"https:\/\/vikingr.nl\/de\/?s={search_term_string}"},"query-input":{"@type":"PropertyValueSpecification","valueRequired":true,"valueName":"search_term_string"}}],"inLanguage":"de"},{"@type":"Organization","@id":"https:\/\/vikingr.nl\/de\/#organization","name":"Vikingr","url":"https:\/\/vikingr.nl\/de\/","logo":{"@type":"ImageObject","inLanguage":"de","@id":"https:\/\/vikingr.nl\/de\/#\/schema\/logo\/image\/","url":"https:\/\/vikingr.nl\/wp-content\/uploads\/2020\/12\/cropped-logo.png","contentUrl":"https:\/\/vikingr.nl\/wp-content\/uploads\/2020\/12\/cropped-logo.png","width":131,"height":71,"caption":"Vikingr"},"image":{"@id":"https:\/\/vikingr.nl\/de\/#\/schema\/logo\/image\/"}}]}},"_links":{"self":[{"href":"https:\/\/vikingr.nl\/de\/wp-json\/wp\/v2\/pages\/5582","targetHints":{"allow":["GET"]}}],"collection":[{"href":"https:\/\/vikingr.nl\/de\/wp-json\/wp\/v2\/pages"}],"about":[{"href":"https:\/\/vikingr.nl\/de\/wp-json\/wp\/v2\/types\/page"}],"author":[{"embeddable":true,"href":"https:\/\/vikingr.nl\/de\/wp-json\/wp\/v2\/users\/1"}],"replies":[{"embeddable":true,"href":"https:\/\/vikingr.nl\/de\/wp-json\/wp\/v2\/comments?post=5582"}],"version-history":[{"count":2,"href":"https:\/\/vikingr.nl\/de\/wp-json\/wp\/v2\/pages\/5582\/revisions"}],"predecessor-version":[{"id":5584,"href":"https:\/\/vikingr.nl\/de\/wp-json\/wp\/v2\/pages\/5582\/revisions\/5584"}],"up":[{"embeddable":true,"href":"https:\/\/vikingr.nl\/de\/wp-json\/wp\/v2\/pages\/5512"}],"wp:featuredmedia":[{"embeddable":true,"href":"https:\/\/vikingr.nl\/de\/wp-json\/wp\/v2\/media\/5449"}],"wp:attachment":[{"href":"https:\/\/vikingr.nl\/de\/wp-json\/wp\/v2\/media?parent=5582"}],"curies":[{"name":"wp","href":"https:\/\/api.w.org\/{rel}","templated":true}]}}