{"id":5515,"date":"2023-09-29T11:41:26","date_gmt":"2023-09-29T11:41:26","guid":{"rendered":"https:\/\/vikingr.nl\/streuwagen\/streuwagen-vikingr-40\/"},"modified":"2025-07-14T09:52:02","modified_gmt":"2025-07-14T09:52:02","slug":"streuwagen-vikingr-40","status":"publish","type":"page","link":"https:\/\/vikingr.nl\/de\/streuwagen\/streuwagen-vikingr-40\/","title":{"rendered":"Streuwagen Vikingr 40"},"content":{"rendered":"<p>[vc_row row_type=&#8220;row&#8220; content_width=&#8220;grid&#8220; anchor=&#8220;&#8220; content_aligment=&#8220;center&#8220; css_animation=&#8220;&#8220;][vc_column][vc_row_inner row_type=&#8220;row&#8220; content_width=&#8220;full-width&#8220; content_aligment=&#8220;left&#8220; css_animation=&#8220;&#8220;][vc_column_inner width=&#8220;1\/3&#8243;][vc_empty_space][\/vc_column_inner][vc_column_inner width=&#8220;1\/3&#8243;][\/vc_column_inner][vc_column_inner width=&#8220;1\/3&#8243;][\/vc_column_inner][\/vc_row_inner][vc_empty_space height=&#8220;45&#8243;][vc_column_text]<\/p>\n<div class=\"eltd-section-title-outer-holder \">\n<div class=\"eltd-section-title-holder\">\n<h1 class=\"eltd-section-title\" style=\"text-align: center;\">WENDIGER STREUER MIT HOHER GENAUIGKEIT<\/h1>\n<\/div>\n<\/div>\n<p>[\/vc_column_text][vc_empty_space height=&#8220;12&#8243;][vc_column_text]<\/p>\n<p style=\"text-align: center;\"><em>Der Vikingr 40 ES ist die preisg\u00fcnstige Alternative zu Streuern aus Edelstahl. Ein starker, wendiger Streuer, der f\u00fcr alle Arten von Streu und Oberfl\u00e4chen geeignet ist. <\/em><\/p>\n<p>[\/vc_column_text][vc_empty_space height=&#8220;64&#8243;][\/vc_column][\/vc_row][vc_row row_type=&#8220;row&#8220; content_width=&#8220;grid&#8220; anchor=&#8220;&#8220; content_aligment=&#8220;left&#8220; css_animation=&#8220;&#8220;][vc_column offset=&#8220;vc_col-lg-offset-0 vc_col-lg-6 vc_col-md-offset-0 vc_col-sm-offset-0&#8243;][vc_gallery type=&#8220;flexslider_slide&#8220; interval=&#8220;3&#8243; images=&#8220;4562,4563,4564,4565,4566,4567&#8243; img_size=&#8220;full&#8220;][\/vc_column][vc_column offset=&#8220;vc_col-lg-offset-0 vc_col-lg-6 vc_col-md-offset-0 vc_col-sm-offset-0&#8243;]<div class=\"eltd-section-title-outer-holder \" style=\"text-align: left\">\n\t<div class=\"eltd-section-title-subtitle-holder\">\n\t\t<h3 class=\"eltd-section-subtitle\" style=\";\"><\/h3>\n\t<\/div>\n\t<div class=\"eltd-section-title-holder\">\n\t\t<h2 class=\"eltd-section-title\" style=\";\">Vikingr 40<\/h2>\n\t<\/div>\n<\/div>[vc_empty_space height=&#8220;25&#8243;][vc_column_text]Die wichtigsten Merkmale des Vikingr 40 Streuers sind:<\/p>\n<ol>\n<li><strong>Gro\u00dfes Fassungsverm\u00f6gen<\/strong>: Dieser Streuer hat ein gro\u00dfz\u00fcgiges Fassungsverm\u00f6gen, so dass Sie beim Gl\u00e4tten weniger oft nachf\u00fcllen m\u00fcssen.<\/li>\n<li><strong>Pr\u00e4zise Dosierung<\/strong>: Mit dem einstellbaren Dosiersystem k\u00f6nnen Sie die Salzmenge genau kontrollieren, so dass Sie keine Verschwendung haben und Ihre Oberfl\u00e4chen genau die richtige Menge Salz erhalten.<\/li>\n<li><strong>Einfache Handhabung<\/strong>: Das ergonomische Design des Griffs und die leichtg\u00e4ngigen R\u00e4der machen das Streuen von Salz m\u00fchelos und bequem, selbst bei rauen Wetterbedingungen.<\/li>\n<li><strong>Langlebigkeit<\/strong>: Der Vikingr 40 ist auf Langlebigkeit ausgelegt und besteht aus hochwertigen Materialien, die den Elementen und der Abnutzung standhalten, was f\u00fcr den langfristigen Einsatz bei Glatteisbeseitigung unerl\u00e4sslich ist.<\/li>\n<\/ol>\n<p>Ganz gleich, ob Sie f\u00fcr die Freihaltung von Gehwegen, Einfahrten, Parkpl\u00e4tzen oder anderen befestigten Fl\u00e4chen w\u00e4hrend der Wintermonate verantwortlich sind, der Vikingr 40 Streuer ist ein zuverl\u00e4ssiger Begleiter, der diese Aufgabe effizient und effektiv erledigt. Selbst unter den winterlichsten Bedingungen. <\/p>\n<p>Der Vikingr 40 Salzstreuer wird mit einem umfassenden Benutzerhandbuch geliefert, das wichtige Informationen zur Montage, Einrichtung und Verwendung des Streuers enth\u00e4lt. In dieser Anleitung finden Sie Schritt-f\u00fcr-Schritt-Anweisungen und n\u00fctzliche Tipps, um sicherzustellen, dass Sie Ihr Streuger\u00e4t beim Streuen von Salz zur Glatteisbeseitigung optimal nutzen k\u00f6nnen. <\/p>\n<p>Als Streusalz f\u00fcr dieses Streuger\u00e4t f\u00fcr Profis empfehlen wir das umweltfreundliche Streusalz <a href=\"https:\/\/vikingr.nl\/milieuvriendelijk-strooizout\/\">GoGreenSalt<\/a>, das f\u00fcr den Einsatz auf Betriebsgel\u00e4nden, Wegen, Stra\u00dfen und Wegen geeignet ist.<\/p>\n<p>Streuwagen f\u00fcr Streusalz[\/vc_column_text][vc_empty_space height=&#8220;48&#8243;]<a href=\"https:\/\/vikingr.nl\/zoekeenwinkel\/\" target=\"_self\" style=\"background-color: #386f36\" class=\"eltd-btn eltd-btn-medium eltd-btn-solid\"  >\n    <span class=\"eltd-btn-text\">Zoek een vestiging<\/span>\n    <\/a>[\/vc_column][\/vc_row][vc_row row_type=&#8220;row&#8220; content_width=&#8220;full-width&#8220; anchor=&#8220;&#8220; content_aligment=&#8220;left&#8220; css_animation=&#8220;&#8220;][vc_column][vc_empty_space height=&#8220;80&#8243;][\/vc_column][\/vc_row][vc_row row_type=&#8220;row&#8220; content_width=&#8220;full-width&#8220; anchor=&#8220;&#8220; content_aligment=&#8220;left&#8220; css_animation=&#8220;&#8220;][vc_column][vc_empty_space height=&#8220;100&#8243;][\/vc_column][\/vc_row][vc_row row_type=&#8220;row&#8220; content_width=&#8220;full-width&#8220; anchor=&#8220;&#8220; content_aligment=&#8220;left&#8220; css_animation=&#8220;&#8220;][vc_column]\n\n\t<div class=\"eltd-call-to-action normal\" style=\"padding: 30px 30px 30px 30px;;background-color: #c9c9c9;\">\n\n\t\t\t\t<div class=\"eltd-container-inner\">\n\t\t\t\t\t<div class=\"eltd-call-to-action-row-50-50 clearfix\">\n\t\t\n\t\t\t\t<div class=\"eltd-text-wrapper eltd-call-to-action-column1 eltd-call-to-action-cell\">\n\n\t\t\t\t\n\t\t\t\t\t<div class=\"eltd-call-to-action-text\" >\n\t\t\t\t\t\t<\/p>\n<h6><span style=\"color: #ffffff;\">Rufen Sie uns an unter 00 31 (0) 709 2073000 oder schreiben Sie eine E-Mail an info@vikingr.nl<\/span><\/h6>\n<p>\t\t\t\t\t<\/div>\n\n\t\t\t\t<\/div>\n\n\t\t\t\t\n\t\t\t\t\t<div class=\"eltd-button-wrapper eltd-call-to-action-column2 eltd-call-to-action-cell\" style =\"text-align: center ;\">\n\n\t\t\t\t\t\t<a href=\"https:\/\/vikingr.nl\/verkooppunten\/\" target=\"_self\"  class=\"eltd-btn eltd-btn-medium eltd-btn-solid\"  >    <span class=\"eltd-btn-text\">ZOEK EEN DEALER<\/span>    <\/a>\n\t\t\t\t\t<\/div>\n\n\t\t\t\t\n\t\t\t<\/div>\n\n\t\t\t\t<\/div>\n\t\t\n\t<\/div>\n\n[\/vc_column][\/vc_row][vc_row row_type=&#8220;row&#8220; content_width=&#8220;full-width&#8220; anchor=&#8220;&#8220; content_aligment=&#8220;left&#8220; css_animation=&#8220;&#8220;][vc_column][vc_empty_space height=&#8220;57&#8243;][\/vc_column][\/vc_row]<\/p>\n","protected":false},"excerpt":{"rendered":"<p>[vc_row row_type=&#8220;row&#8220; content_width=&#8220;grid&#8220; anchor=&#8220;&#8220; content_aligment=&#8220;center&#8220; css_animation=&#8220;&#8220;][vc_column][vc_row_inner row_type=&#8220;row&#8220; content_width=&#8220;full-width&#8220; content_aligment=&#8220;left&#8220; css_animation=&#8220;&#8220;][vc_column_inner width=&#8220;1\/3&#8243;][vc_empty_space][\/vc_column_inner][vc_column_inner width=&#8220;1\/3&#8243;][\/vc_column_inner][vc_column_inner width=&#8220;1\/3&#8243;][\/vc_column_inner][\/vc_row_inner][vc_empty_space height=&#8220;45&#8243;][vc_column_text] WENDIGER STREUER MIT HOHER GENAUIGKEIT [\/vc_column_text][vc_empty_space height=&#8220;12&#8243;][vc_column_text] Der Vikingr 40 ES ist die preisg\u00fcnstige Alternative zu Streuern aus Edelstahl. Ein starker, wendiger Streuer, der f\u00fcr alle Arten von Streu und Oberfl\u00e4chen&#8230;<\/p>\n","protected":false},"author":1,"featured_media":5313,"parent":5512,"menu_order":0,"comment_status":"closed","ping_status":"closed","template":"","meta":{"footnotes":""},"class_list":["post-5515","page","type-page","status-publish","has-post-thumbnail","hentry"],"yoast_head":"<!-- This site is optimized with the Yoast SEO plugin v27.5 - https:\/\/yoast.com\/product\/yoast-seo-wordpress\/ -->\n<title>Streuwagen f\u00fcr Streusalz<\/title>\n<meta name=\"description\" content=\"Streuwagen f\u00fcr Streusalz Vikingr 40, preisg\u00fcnstige Streuger\u00e4te, geeignet f\u00fcr alle Arten von Streu und Oberfl\u00e4chen.\" \/>\n<meta name=\"robots\" content=\"index, follow, max-snippet:-1, max-image-preview:large, max-video-preview:-1\" \/>\n<link rel=\"canonical\" href=\"https:\/\/vikingr.nl\/de\/streuwagen\/streuwagen-vikingr-40\/\" \/>\n<meta property=\"og:locale\" content=\"de_DE\" \/>\n<meta property=\"og:type\" content=\"article\" \/>\n<meta property=\"og:title\" content=\"Streuwagen f\u00fcr Streusalz\" \/>\n<meta property=\"og:description\" content=\"Streuwagen f\u00fcr Streusalz Vikingr 40, preisg\u00fcnstige Streuger\u00e4te, geeignet f\u00fcr alle Arten von Streu und Oberfl\u00e4chen.\" \/>\n<meta property=\"og:url\" content=\"https:\/\/vikingr.nl\/de\/streuwagen\/streuwagen-vikingr-40\/\" \/>\n<meta property=\"og:site_name\" content=\"Vikingr\" \/>\n<meta property=\"article:modified_time\" content=\"2025-07-14T09:52:02+00:00\" \/>\n<meta property=\"og:image\" content=\"https:\/\/vikingr.nl\/wp-content\/uploads\/2023\/09\/Vikingr-CR25-Shot01-1.png\" \/>\n\t<meta property=\"og:image:width\" content=\"720\" \/>\n\t<meta property=\"og:image:height\" content=\"756\" \/>\n\t<meta property=\"og:image:type\" content=\"image\/png\" \/>\n<meta name=\"twitter:card\" content=\"summary_large_image\" \/>\n<meta name=\"twitter:label1\" content=\"Gesch\u00e4tzte Lesezeit\" \/>\n\t<meta name=\"twitter:data1\" content=\"3\u00a0Minuten\" \/>\n<script type=\"application\/ld+json\" class=\"yoast-schema-graph\">{\"@context\":\"https:\\\/\\\/schema.org\",\"@graph\":[{\"@type\":\"WebPage\",\"@id\":\"https:\\\/\\\/vikingr.nl\\\/de\\\/streuwagen\\\/streuwagen-vikingr-40\\\/\",\"url\":\"https:\\\/\\\/vikingr.nl\\\/de\\\/streuwagen\\\/streuwagen-vikingr-40\\\/\",\"name\":\"Streuwagen f\u00fcr Streusalz\",\"isPartOf\":{\"@id\":\"https:\\\/\\\/vikingr.nl\\\/de\\\/#website\"},\"primaryImageOfPage\":{\"@id\":\"https:\\\/\\\/vikingr.nl\\\/de\\\/streuwagen\\\/streuwagen-vikingr-40\\\/#primaryimage\"},\"image\":{\"@id\":\"https:\\\/\\\/vikingr.nl\\\/de\\\/streuwagen\\\/streuwagen-vikingr-40\\\/#primaryimage\"},\"thumbnailUrl\":\"https:\\\/\\\/vikingr.nl\\\/wp-content\\\/uploads\\\/2023\\\/09\\\/Vikingr-CR25-Shot01-1.png\",\"datePublished\":\"2023-09-29T11:41:26+00:00\",\"dateModified\":\"2025-07-14T09:52:02+00:00\",\"description\":\"Streuwagen f\u00fcr Streusalz Vikingr 40, preisg\u00fcnstige Streuger\u00e4te, geeignet f\u00fcr alle Arten von Streu und Oberfl\u00e4chen.\",\"breadcrumb\":{\"@id\":\"https:\\\/\\\/vikingr.nl\\\/de\\\/streuwagen\\\/streuwagen-vikingr-40\\\/#breadcrumb\"},\"inLanguage\":\"de\",\"potentialAction\":[{\"@type\":\"ReadAction\",\"target\":[\"https:\\\/\\\/vikingr.nl\\\/de\\\/streuwagen\\\/streuwagen-vikingr-40\\\/\"]}]},{\"@type\":\"ImageObject\",\"inLanguage\":\"de\",\"@id\":\"https:\\\/\\\/vikingr.nl\\\/de\\\/streuwagen\\\/streuwagen-vikingr-40\\\/#primaryimage\",\"url\":\"https:\\\/\\\/vikingr.nl\\\/wp-content\\\/uploads\\\/2023\\\/09\\\/Vikingr-CR25-Shot01-1.png\",\"contentUrl\":\"https:\\\/\\\/vikingr.nl\\\/wp-content\\\/uploads\\\/2023\\\/09\\\/Vikingr-CR25-Shot01-1.png\",\"width\":720,\"height\":756,\"caption\":\"Strooiwagen voor strooizout\"},{\"@type\":\"BreadcrumbList\",\"@id\":\"https:\\\/\\\/vikingr.nl\\\/de\\\/streuwagen\\\/streuwagen-vikingr-40\\\/#breadcrumb\",\"itemListElement\":[{\"@type\":\"ListItem\",\"position\":1,\"name\":\"Home\",\"item\":\"https:\\\/\\\/vikingr.nl\\\/de\\\/\"},{\"@type\":\"ListItem\",\"position\":2,\"name\":\"Streuwagen\",\"item\":\"https:\\\/\\\/vikingr.nl\\\/de\\\/streuwagen\\\/\"},{\"@type\":\"ListItem\",\"position\":3,\"name\":\"Streuwagen Vikingr 40\"}]},{\"@type\":\"WebSite\",\"@id\":\"https:\\\/\\\/vikingr.nl\\\/de\\\/#website\",\"url\":\"https:\\\/\\\/vikingr.nl\\\/de\\\/\",\"name\":\"Vikingr\",\"description\":\"Zoutkisten en strooiwagens\",\"publisher\":{\"@id\":\"https:\\\/\\\/vikingr.nl\\\/de\\\/#organization\"},\"potentialAction\":[{\"@type\":\"SearchAction\",\"target\":{\"@type\":\"EntryPoint\",\"urlTemplate\":\"https:\\\/\\\/vikingr.nl\\\/de\\\/?s={search_term_string}\"},\"query-input\":{\"@type\":\"PropertyValueSpecification\",\"valueRequired\":true,\"valueName\":\"search_term_string\"}}],\"inLanguage\":\"de\"},{\"@type\":\"Organization\",\"@id\":\"https:\\\/\\\/vikingr.nl\\\/de\\\/#organization\",\"name\":\"Vikingr\",\"url\":\"https:\\\/\\\/vikingr.nl\\\/de\\\/\",\"logo\":{\"@type\":\"ImageObject\",\"inLanguage\":\"de\",\"@id\":\"https:\\\/\\\/vikingr.nl\\\/de\\\/#\\\/schema\\\/logo\\\/image\\\/\",\"url\":\"https:\\\/\\\/vikingr.nl\\\/wp-content\\\/uploads\\\/2020\\\/12\\\/cropped-logo.png\",\"contentUrl\":\"https:\\\/\\\/vikingr.nl\\\/wp-content\\\/uploads\\\/2020\\\/12\\\/cropped-logo.png\",\"width\":131,\"height\":71,\"caption\":\"Vikingr\"},\"image\":{\"@id\":\"https:\\\/\\\/vikingr.nl\\\/de\\\/#\\\/schema\\\/logo\\\/image\\\/\"}}]}<\/script>\n<!-- \/ Yoast SEO plugin. -->","yoast_head_json":{"title":"Streuwagen f\u00fcr Streusalz","description":"Streuwagen f\u00fcr Streusalz Vikingr 40, preisg\u00fcnstige Streuger\u00e4te, geeignet f\u00fcr alle Arten von Streu und Oberfl\u00e4chen.","robots":{"index":"index","follow":"follow","max-snippet":"max-snippet:-1","max-image-preview":"max-image-preview:large","max-video-preview":"max-video-preview:-1"},"canonical":"https:\/\/vikingr.nl\/de\/streuwagen\/streuwagen-vikingr-40\/","og_locale":"de_DE","og_type":"article","og_title":"Streuwagen f\u00fcr Streusalz","og_description":"Streuwagen f\u00fcr Streusalz Vikingr 40, preisg\u00fcnstige Streuger\u00e4te, geeignet f\u00fcr alle Arten von Streu und Oberfl\u00e4chen.","og_url":"https:\/\/vikingr.nl\/de\/streuwagen\/streuwagen-vikingr-40\/","og_site_name":"Vikingr","article_modified_time":"2025-07-14T09:52:02+00:00","og_image":[{"width":720,"height":756,"url":"https:\/\/vikingr.nl\/wp-content\/uploads\/2023\/09\/Vikingr-CR25-Shot01-1.png","type":"image\/png"}],"twitter_card":"summary_large_image","twitter_misc":{"Gesch\u00e4tzte Lesezeit":"3\u00a0Minuten"},"schema":{"@context":"https:\/\/schema.org","@graph":[{"@type":"WebPage","@id":"https:\/\/vikingr.nl\/de\/streuwagen\/streuwagen-vikingr-40\/","url":"https:\/\/vikingr.nl\/de\/streuwagen\/streuwagen-vikingr-40\/","name":"Streuwagen f\u00fcr Streusalz","isPartOf":{"@id":"https:\/\/vikingr.nl\/de\/#website"},"primaryImageOfPage":{"@id":"https:\/\/vikingr.nl\/de\/streuwagen\/streuwagen-vikingr-40\/#primaryimage"},"image":{"@id":"https:\/\/vikingr.nl\/de\/streuwagen\/streuwagen-vikingr-40\/#primaryimage"},"thumbnailUrl":"https:\/\/vikingr.nl\/wp-content\/uploads\/2023\/09\/Vikingr-CR25-Shot01-1.png","datePublished":"2023-09-29T11:41:26+00:00","dateModified":"2025-07-14T09:52:02+00:00","description":"Streuwagen f\u00fcr Streusalz Vikingr 40, preisg\u00fcnstige Streuger\u00e4te, geeignet f\u00fcr alle Arten von Streu und Oberfl\u00e4chen.","breadcrumb":{"@id":"https:\/\/vikingr.nl\/de\/streuwagen\/streuwagen-vikingr-40\/#breadcrumb"},"inLanguage":"de","potentialAction":[{"@type":"ReadAction","target":["https:\/\/vikingr.nl\/de\/streuwagen\/streuwagen-vikingr-40\/"]}]},{"@type":"ImageObject","inLanguage":"de","@id":"https:\/\/vikingr.nl\/de\/streuwagen\/streuwagen-vikingr-40\/#primaryimage","url":"https:\/\/vikingr.nl\/wp-content\/uploads\/2023\/09\/Vikingr-CR25-Shot01-1.png","contentUrl":"https:\/\/vikingr.nl\/wp-content\/uploads\/2023\/09\/Vikingr-CR25-Shot01-1.png","width":720,"height":756,"caption":"Strooiwagen voor strooizout"},{"@type":"BreadcrumbList","@id":"https:\/\/vikingr.nl\/de\/streuwagen\/streuwagen-vikingr-40\/#breadcrumb","itemListElement":[{"@type":"ListItem","position":1,"name":"Home","item":"https:\/\/vikingr.nl\/de\/"},{"@type":"ListItem","position":2,"name":"Streuwagen","item":"https:\/\/vikingr.nl\/de\/streuwagen\/"},{"@type":"ListItem","position":3,"name":"Streuwagen Vikingr 40"}]},{"@type":"WebSite","@id":"https:\/\/vikingr.nl\/de\/#website","url":"https:\/\/vikingr.nl\/de\/","name":"Vikingr","description":"Zoutkisten en strooiwagens","publisher":{"@id":"https:\/\/vikingr.nl\/de\/#organization"},"potentialAction":[{"@type":"SearchAction","target":{"@type":"EntryPoint","urlTemplate":"https:\/\/vikingr.nl\/de\/?s={search_term_string}"},"query-input":{"@type":"PropertyValueSpecification","valueRequired":true,"valueName":"search_term_string"}}],"inLanguage":"de"},{"@type":"Organization","@id":"https:\/\/vikingr.nl\/de\/#organization","name":"Vikingr","url":"https:\/\/vikingr.nl\/de\/","logo":{"@type":"ImageObject","inLanguage":"de","@id":"https:\/\/vikingr.nl\/de\/#\/schema\/logo\/image\/","url":"https:\/\/vikingr.nl\/wp-content\/uploads\/2020\/12\/cropped-logo.png","contentUrl":"https:\/\/vikingr.nl\/wp-content\/uploads\/2020\/12\/cropped-logo.png","width":131,"height":71,"caption":"Vikingr"},"image":{"@id":"https:\/\/vikingr.nl\/de\/#\/schema\/logo\/image\/"}}]}},"_links":{"self":[{"href":"https:\/\/vikingr.nl\/de\/wp-json\/wp\/v2\/pages\/5515","targetHints":{"allow":["GET"]}}],"collection":[{"href":"https:\/\/vikingr.nl\/de\/wp-json\/wp\/v2\/pages"}],"about":[{"href":"https:\/\/vikingr.nl\/de\/wp-json\/wp\/v2\/types\/page"}],"author":[{"embeddable":true,"href":"https:\/\/vikingr.nl\/de\/wp-json\/wp\/v2\/users\/1"}],"replies":[{"embeddable":true,"href":"https:\/\/vikingr.nl\/de\/wp-json\/wp\/v2\/comments?post=5515"}],"version-history":[{"count":2,"href":"https:\/\/vikingr.nl\/de\/wp-json\/wp\/v2\/pages\/5515\/revisions"}],"predecessor-version":[{"id":5517,"href":"https:\/\/vikingr.nl\/de\/wp-json\/wp\/v2\/pages\/5515\/revisions\/5517"}],"up":[{"embeddable":true,"href":"https:\/\/vikingr.nl\/de\/wp-json\/wp\/v2\/pages\/5512"}],"wp:featuredmedia":[{"embeddable":true,"href":"https:\/\/vikingr.nl\/de\/wp-json\/wp\/v2\/media\/5313"}],"wp:attachment":[{"href":"https:\/\/vikingr.nl\/de\/wp-json\/wp\/v2\/media?parent=5515"}],"curies":[{"name":"wp","href":"https:\/\/api.w.org\/{rel}","templated":true}]}}