{"id":5507,"date":"2015-10-28T08:25:55","date_gmt":"2015-10-28T08:25:55","guid":{"rendered":"https:\/\/vikingr.nl\/vikingr-streuwagen-und-streusalzbehaelter\/"},"modified":"2025-09-15T09:16:48","modified_gmt":"2025-09-15T09:16:48","slug":"vikingr-streuwagen-und-streusalzbehaelter","status":"publish","type":"page","link":"https:\/\/vikingr.nl\/de\/","title":{"rendered":"Vikingr Streuwagen und Streusalzbeh\u00e4lter"},"content":{"rendered":"<p>[vc_row row_type=&#8220;row&#8220; content_width=&#8220;grid&#8220; anchor=&#8220;&#8220; content_aligment=&#8220;center&#8220; css_animation=&#8220;&#8220;][vc_column][vc_empty_space height=&#8220;45&#8243;]<div class=\"eltd-section-title-outer-holder \" style=\"text-align: center\">\n\t<div class=\"eltd-section-title-subtitle-holder\">\n\t\t<h3 class=\"eltd-section-subtitle\" style=\";\"><\/h3>\n\t<\/div>\n\t<div class=\"eltd-section-title-holder\">\n\t\t<h2 class=\"eltd-section-title\" style=\";\">Bereit f\u00fcr den Winter!<\/h2>\n\t<\/div>\n<\/div>[vc_empty_space height=&#8220;12&#8243;][vc_column_text]Vikingr produziert Streuger\u00e4te und Salzbeh\u00e4lter, die den h\u00f6chsten Qualit\u00e4tsstandards entsprechen. Unser Sortiment bietet eine gro\u00dfe Auswahl f\u00fcr jeden Benutzer, vom ernsthaften Amateur bis zum erfahrenen Profi.<br \/>\nMit den Produkten von Vikingr sind Sie f\u00fcr den Winter ger\u00fcstet![\/vc_column_text][\/vc_column][\/vc_row][vc_row row_type=&#8220;row&#8220; content_width=&#8220;grid&#8220; anchor=&#8220;&#8220; content_aligment=&#8220;left&#8220; css_animation=&#8220;&#8220;][vc_column]<div class=\"eltd-elements-holder eltd-two-columns eltd-responsive-mode-768\" ><div class=\"eltd-elements-holder-item eltd-horizontal-alignment-right\" >\n\t<div class=\"eltd-elements-holder-item-inner\">\n\t\t<div class=\"eltd-elements-holder-item-content eltd-elements-holder-custom-588653\" style=\"padding: 0 70px 0 0\">\n\t\t\t\t\t\t<style type=\"text\/css\" data-type=\"eltd-elements-custom-padding\" scoped>\n\t\t\t\t\t\t\t\t\t@media only screen and (min-width: 1024px) and (max-width: 1280px) {\n\t\t\t\t\t\t.eltd-elements-holder .eltd-elements-holder-item-content.eltd-elements-holder-custom-588653 {\n\t\t\t\t\t\t\tpadding: 0 70px 0 0 !important;\n\t\t\t\t\t\t}\n\t\t\t\t\t}\n\t\t\t\t\t\t\t\t\t\t\t\t@media only screen and (min-width: 768px) and (max-width: 1024px) {\n\t\t\t\t\t.eltd-elements-holder .eltd-elements-holder-item-content.eltd-elements-holder-custom-588653 {\n\t\t\t\t\t\tpadding: 100px 8% 100px 0 !important;\n\t\t\t\t\t}\n\t\t\t\t}\n\t\t\t\t\t\t\t\t\t\t\t\t@media only screen and (min-width: 600px) and (max-width: 768px) {\n\t\t\t\t\t.eltd-elements-holder .eltd-elements-holder-item-content.eltd-elements-holder-custom-588653 {\n\t\t\t\t\t\tpadding: 100px 8% 100px 0 !important;\n\t\t\t\t\t}\n\t\t\t\t}\n\t\t\t\t\t\t\t\t\t\t\t\t@media only screen and (min-width: 480px) and (max-width: 600px) {\n\t\t\t\t\t.eltd-elements-holder .eltd-elements-holder-item-content.eltd-elements-holder-custom-588653 {\n\t\t\t\t\t\tpadding: 100px 0 0 0 !important;\n\t\t\t\t\t}\n\t\t\t\t}\n\t\t\t\t\t\t\t\t\t\t\t\t@media only screen and (max-width: 480px) {\n\t\t\t\t\t.eltd-elements-holder .eltd-elements-holder-item-content.eltd-elements-holder-custom-588653 {\n\t\t\t\t\t\tpadding: 100px 0 0 0 !important;\n\t\t\t\t\t}\n\t\t\t\t}\n\t\t\t\t\t\t\t\t<\/style>\n\t\t\t\t\t\t<div class=\"eltd-section-title-outer-holder \" style=\"text-align: right\">\n\t<div class=\"eltd-section-title-subtitle-holder\">\n\t\t<h3 class=\"eltd-section-subtitle\" style=\";\"><\/h3>\n\t<\/div>\n\t<div class=\"eltd-section-title-holder\">\n\t\t<h2 class=\"eltd-section-title\" style=\";\">Vikingr Streuwagen<\/h2>\n\t<\/div>\n<\/div>[vc_empty_space height=&#8220;25px&#8220;][vc_column_text]<\/p>\n<div class=\"elementor-element elementor-element-36bac29 elementor-widget__width-initial elementor-widget elementor-widget-heading animated fadeInRight\" data-id=\"36bac29\" data-element_type=\"widget\" data-settings=\"{\" data-widget_type=\"heading.default\">\n<h4 class=\"elementor-widget-container\"><span class=\"elementor-heading-title elementor-size-default\">Vikingr Streuwagen, Vorreiter in Sachen Preis, Qualit\u00e4t und Innovation. <\/span><\/h4>\n<\/div>\n<div class=\"elementor-element elementor-element-3a4b932 elementor-widget__width-initial elementor-widget elementor-widget-text-editor animated fadeInRight\" data-id=\"3a4b932\" data-element_type=\"widget\" data-settings=\"{\" data-widget_type=\"text-editor.default\">\n<p class=\"elementor-widget-container\"><span class=\"elementor-heading-title elementor-size-default\">Wenn Sie regelm\u00e4\u00dfig Salz streuen und dies mit Leichtigkeit tun wollen, sind die Streuer von Vikingr ein Muss. Die Streuwagen sind solide gebaut, verf\u00fcgen \u00fcber einen pr\u00e4zisen Dosierhebel, robuste Luftreifen und werden inklusive separater Winter- und Sommerschieber geliefert.<\/span><\/p>\n<\/div>\n<p>[\/vc_column_text][vc_empty_space height=&#8220;57px&#8220;]<a href=\"https:\/\/vikingr.nl\/strooiwagens\/\" target=\"_self\" style=\"background-color: #386f36\" class=\"eltd-btn eltd-btn-medium eltd-btn-solid\"  >\n    <span class=\"eltd-btn-text\">weiterlesen<\/span>\n    <\/a>\t\t<\/div>\n\t<\/div>\n<\/div><div class=\"eltd-elements-holder-item \" >\n\t<div class=\"eltd-elements-holder-item-inner\">\n\t\t<div class=\"eltd-elements-holder-item-content eltd-elements-holder-custom-290308\" style=\"padding: 10px 0 100px 0\">\n\t\t\t\t\t\t<style type=\"text\/css\" data-type=\"eltd-elements-custom-padding\" scoped>\n\t\t\t\t\t\t\t\t\t@media only screen and (min-width: 1024px) and (max-width: 1280px) {\n\t\t\t\t\t\t.eltd-elements-holder .eltd-elements-holder-item-content.eltd-elements-holder-custom-290308 {\n\t\t\t\t\t\t\tpadding: 10px 0 100px 0 !important;\n\t\t\t\t\t\t}\n\t\t\t\t\t}\n\t\t\t\t\t\t\t\t\t\t\t\t@media only screen and (min-width: 768px) and (max-width: 1024px) {\n\t\t\t\t\t.eltd-elements-holder .eltd-elements-holder-item-content.eltd-elements-holder-custom-290308 {\n\t\t\t\t\t\tpadding: 10px 0 100px 0 !important;\n\t\t\t\t\t}\n\t\t\t\t}\n\t\t\t\t\t\t\t\t\t\t\t\t@media only screen and (min-width: 600px) and (max-width: 768px) {\n\t\t\t\t\t.eltd-elements-holder .eltd-elements-holder-item-content.eltd-elements-holder-custom-290308 {\n\t\t\t\t\t\tpadding: 10px 0 100px 0 !important;\n\t\t\t\t\t}\n\t\t\t\t}\n\t\t\t\t\t\t\t\t\t\t\t\t@media only screen and (min-width: 480px) and (max-width: 600px) {\n\t\t\t\t\t.eltd-elements-holder .eltd-elements-holder-item-content.eltd-elements-holder-custom-290308 {\n\t\t\t\t\t\tpadding: 10px 0 100px 0 !important;\n\t\t\t\t\t}\n\t\t\t\t}\n\t\t\t\t\t\t\t\t\t\t\t\t@media only screen and (max-width: 480px) {\n\t\t\t\t\t.eltd-elements-holder .eltd-elements-holder-item-content.eltd-elements-holder-custom-290308 {\n\t\t\t\t\t\tpadding: 10px 0 100px 0 !important;\n\t\t\t\t\t}\n\t\t\t\t}\n\t\t\t\t\t\t\t\t<\/style>\n\t\t\t\t\t\t[vc_single_image image=&#8220;4663&#8243; img_size=&#8220;full&#8220; alignment=&#8220;center&#8220; css_animation=&#8220;none&#8220;]\t\t<\/div>\n\t<\/div>\n<\/div><\/div>[\/vc_column][\/vc_row][vc_row row_type=&#8220;row&#8220; content_width=&#8220;grid&#8220; anchor=&#8220;&#8220; content_aligment=&#8220;left&#8220; css_animation=&#8220;&#8220;][vc_column offset=&#8220;vc_col-lg-offset-0 vc_col-lg-6 vc_col-md-offset-0 vc_col-sm-offset-0&#8243;][vc_single_image image=&#8220;4665&#8243; img_size=&#8220;full&#8220; alignment=&#8220;center&#8220; css_animation=&#8220;none&#8220;][vc_empty_space height=&#8220;30px&#8220;][\/vc_column][vc_column offset=&#8220;vc_col-lg-offset-0 vc_col-lg-6 vc_col-md-offset-0 vc_col-sm-offset-0&#8243;]<div class=\"eltd-section-title-outer-holder \" style=\"text-align: left\">\n\t<div class=\"eltd-section-title-subtitle-holder\">\n\t\t<h3 class=\"eltd-section-subtitle\" style=\";\"><\/h3>\n\t<\/div>\n\t<div class=\"eltd-section-title-holder\">\n\t\t<h2 class=\"eltd-section-title\" style=\";\">Vikingr Salzbeh\u00e4lter<\/h2>\n\t<\/div>\n<\/div>[vc_empty_space height=&#8220;25&#8243;][vc_column_text]<\/p>\n<h4 style=\"text-align: left;\">Wetterfest und rostfrei. Getestet und bew\u00e4hrt in skandinavischen Wintern.<\/h4>\n<p style=\"text-align: left;\">Die Heavy Duty Salzbeh\u00e4lter von Vikingr sind robust und wetterfest Erh\u00e4ltlich in 4 verschiedenen Gr\u00f6\u00dfen. Getestet und bew\u00e4hrt in skandinavischen Wintern bei Temperaturen bis zu -35 Grad Celsius.<\/p>\n<p>[\/vc_column_text][vc_empty_space height=&#8220;48&#8243;]<a href=\"https:\/\/vikingr.nl\/strooizoutkisten-vikingr\/\" target=\"_self\" style=\"background-color: #386f36\" class=\"eltd-btn eltd-btn-medium eltd-btn-solid\"  >\n    <span class=\"eltd-btn-text\">weiterlesen<\/span>\n    <\/a>[\/vc_column][\/vc_row][vc_row row_type=&#8220;row&#8220; content_width=&#8220;full-width&#8220; anchor=&#8220;&#8220; content_aligment=&#8220;left&#8220; css_animation=&#8220;&#8220;][vc_column][vc_empty_space height=&#8220;80&#8243;][\/vc_column][\/vc_row][vc_row row_type=&#8220;row&#8220; content_width=&#8220;grid&#8220; anchor=&#8220;&#8220; content_aligment=&#8220;center&#8220; css_animation=&#8220;&#8220; css=&#8220;.vc_custom_1723213322167{padding-top: 15px !important;background: #e5e5e5 url(https:\/\/vikingr.nl\/wp-content\/uploads\/2024\/08\/BG_OFFICIAL-VIKINGR-DEALER-2.png?id=5174) !important;background-position: 0 0 !important;background-repeat: no-repeat !important;}&#8220;][vc_column width=&#8220;2\/3&#8243; offset=&#8220;vc_col-lg-offset-2 vc_col-lg-8 vc_col-md-offset-2 vc_col-md-8 vc_col-sm-offset-2&#8243;][vc_row_inner row_type=&#8220;row&#8220; content_width=&#8220;full-width&#8220; content_aligment=&#8220;left&#8220; css_animation=&#8220;&#8220;][vc_column_inner]<div class=\"eltd-section-title-outer-holder \" style=\"text-align: center\">\n\t<div class=\"eltd-section-title-subtitle-holder\">\n\t\t<h3 class=\"eltd-section-subtitle\" style=\";\"><\/h3>\n\t<\/div>\n\t<div class=\"eltd-section-title-holder\">\n\t\t<h2 class=\"eltd-section-title\" style=\";color: #3d3d3d\">Werden Sie ein H\u00e4ndler?<\/h2>\n\t<\/div>\n<\/div>[\/vc_column_inner][\/vc_row_inner][vc_row_inner row_type=&#8220;row&#8220; content_width=&#8220;full-width&#8220; content_aligment=&#8220;left&#8220; css_animation=&#8220;&#8220;][vc_column_inner width=&#8220;1\/2&#8243;][vc_empty_space height=&#8220;50px&#8220;][vc_column_text]<\/p>\n<h5>Gro\u00dfh\u00e4ndler und Gesch\u00e4fte k\u00f6nnen sich als H\u00e4ndler anmelden.<\/h5>\n<p>Sind Sie daran interessiert, die Produkte von Vikingr in Ihr Sortiment aufzunehmen? Dann melden Sie sich an. Wenn ja, werden wir Ihnen gerne mehr dar\u00fcber erz\u00e4hlen.[\/vc_column_text][vc_single_image image=&#8220;4948&#8243; img_size=&#8220;125&#215;125&#8243; alignment=&#8220;center&#8220; css=&#8220;.vc_custom_1722954677454{padding-top: 15px !important;}&#8220;][\/vc_column_inner][vc_column_inner width=&#8220;1\/2&#8243;]<style id=\"wpforms-css-vars-4670\">\n\t\t\t\t#wpforms-4670 {\n\t\t\t\t\n\t\t\t}\n\t\t\t<\/style><div class=\"wpforms-container wpforms-container-full wpforms-render-modern\" id=\"wpforms-4670\"><form id=\"wpforms-form-4670\" class=\"wpforms-validate wpforms-form wpforms-ajax-form\" data-formid=\"4670\" method=\"post\" enctype=\"multipart\/form-data\" action=\"\/de\/wp-json\/wp\/v2\/pages\/5507\" data-token=\"d48b7333881587e829b80d9fea2a43ed\" data-token-time=\"1778062886\"><noscript class=\"wpforms-error-noscript\">Bitte aktiviere JavaScript in deinem Browser, um dieses Formular fertigzustellen.<\/noscript><div id=\"wpforms-error-noscript\" style=\"display: none;\">Bitte aktiviere JavaScript in deinem Browser, um dieses Formular fertigzustellen.<\/div><div class=\"wpforms-field-container\"><div id=\"wpforms-4670-field_1-container\" class=\"wpforms-field wpforms-field-name\" data-field-id=\"1\"><label class=\"wpforms-field-label wpforms-label-hide\" for=\"wpforms-4670-field_1\" aria-hidden=\"false\">Naam <span class=\"wpforms-required-label\" aria-hidden=\"true\">*<\/span><\/label><input type=\"text\" id=\"wpforms-4670-field_1\" class=\"wpforms-field-large wpforms-field-required\" name=\"wpforms[fields][1]\" placeholder=\"Naam\" aria-errormessage=\"wpforms-4670-field_1-error\" required><\/div><div id=\"wpforms-4670-field_4-container\" class=\"wpforms-field wpforms-field-text\" data-field-id=\"4\"><label class=\"wpforms-field-label wpforms-label-hide\" for=\"wpforms-4670-field_4\" aria-hidden=\"false\">Functie<\/label><input type=\"text\" id=\"wpforms-4670-field_4\" class=\"wpforms-field-large\" name=\"wpforms[fields][4]\" placeholder=\"Functie\" aria-errormessage=\"wpforms-4670-field_4-error\" ><\/div><div id=\"wpforms-4670-field_3-container\" class=\"wpforms-field wpforms-field-name\" data-field-id=\"3\"><label class=\"wpforms-field-label wpforms-label-hide\" for=\"wpforms-4670-field_3\" aria-hidden=\"false\">Bedrijfsnaam <span class=\"wpforms-required-label\" aria-hidden=\"true\">*<\/span><\/label><input type=\"text\" id=\"wpforms-4670-field_3\" class=\"wpforms-field-large wpforms-field-required\" name=\"wpforms[fields][3]\" placeholder=\"Naam organisatie\" aria-errormessage=\"wpforms-4670-field_3-error\" required><\/div><div id=\"wpforms-4670-field_2-container\" class=\"wpforms-field wpforms-field-email\" data-field-id=\"2\"><label class=\"wpforms-field-label wpforms-label-hide\" for=\"wpforms-4670-field_2\" aria-hidden=\"false\">Email <span class=\"wpforms-required-label\" aria-hidden=\"true\">*<\/span><\/label><input type=\"email\" id=\"wpforms-4670-field_2\" class=\"wpforms-field-large wpforms-field-required\" name=\"wpforms[fields][2]\" placeholder=\"Email\" spellcheck=\"false\" aria-errormessage=\"wpforms-4670-field_2-error\" required><\/div><\/div><!-- .wpforms-field-container --><div class=\"wpforms-submit-container\" ><input type=\"hidden\" name=\"wpforms[id]\" value=\"4670\"><input type=\"hidden\" name=\"page_title\" value=\"\"><input type=\"hidden\" name=\"page_url\" value=\"https:\/\/vikingr.nl\/de\/wp-json\/wp\/v2\/pages\/5507\"><input type=\"hidden\" name=\"url_referer\" value=\"\"><button type=\"submit\" name=\"wpforms[submit]\" id=\"wpforms-submit-4670\" class=\"wpforms-submit\" data-alt-text=\"Aan het versturen...\" data-submit-text=\"VERSTUUR\" aria-live=\"assertive\" value=\"wpforms-submit\">VERSTUUR<\/button><img loading=\"lazy\" decoding=\"async\" src=\"https:\/\/vikingr.nl\/wp-content\/plugins\/wpforms-lite\/assets\/images\/submit-spin.svg\" class=\"wpforms-submit-spinner\" style=\"display: none;\" width=\"26\" height=\"26\" alt=\"Wird geladen\"><\/div><\/form><\/div>  <!-- .wpforms-container -->[\/vc_column_inner][\/vc_row_inner][\/vc_column][\/vc_row][vc_row row_type=&#8220;row&#8220; content_width=&#8220;full-width&#8220; anchor=&#8220;&#8220; content_aligment=&#8220;left&#8220; css_animation=&#8220;&#8220;][vc_column][vc_empty_space height=&#8220;100&#8243;][\/vc_column][\/vc_row]<\/p>\n","protected":false},"excerpt":{"rendered":"<p>[vc_row row_type=&#8220;row&#8220; content_width=&#8220;grid&#8220; anchor=&#8220;&#8220; content_aligment=&#8220;center&#8220; css_animation=&#8220;&#8220;][vc_column][vc_empty_space height=&#8220;45&#8243;][vc_empty_space height=&#8220;12&#8243;][vc_column_text]Vikingr produziert Streuger\u00e4te und Salzbeh\u00e4lter, die den h\u00f6chsten Qualit\u00e4tsstandards entsprechen. Unser Sortiment bietet eine gro\u00dfe Auswahl f\u00fcr jeden Benutzer, vom ernsthaften Amateur bis zum erfahrenen Profi. Mit den Produkten von Vikingr sind Sie f\u00fcr den Winter ger\u00fcstet![\/vc_column_text][\/vc_column][\/vc_row][vc_row row_type=&#8220;row&#8220;&#8230;<\/p>\n","protected":false},"author":1,"featured_media":5299,"parent":0,"menu_order":0,"comment_status":"closed","ping_status":"closed","template":"full-width.php","meta":{"footnotes":""},"class_list":["post-5507","page","type-page","status-publish","has-post-thumbnail","hentry"],"yoast_head":"<!-- This site is optimized with the Yoast SEO plugin v27.5 - https:\/\/yoast.com\/product\/yoast-seo-wordpress\/ -->\n<title>Vikingr Streuwagen und Streusalzbeh\u00e4lter<\/title>\n<meta name=\"description\" content=\"Vikingr Streuwagen und Salzbeh\u00e4lter Gladheidsbestrijding met opslagkisten voor strooizout en zoutstrooiers.\" \/>\n<meta name=\"robots\" content=\"index, follow, max-snippet:-1, max-image-preview:large, max-video-preview:-1\" \/>\n<link rel=\"canonical\" href=\"https:\/\/vikingr.nl\/de\/\" \/>\n<meta property=\"og:locale\" content=\"de_DE\" \/>\n<meta property=\"og:type\" content=\"article\" \/>\n<meta property=\"og:title\" content=\"Vikingr Streuwagen und Streusalzbeh\u00e4lter\" \/>\n<meta property=\"og:description\" content=\"Vikingr Streuwagen und Salzbeh\u00e4lter Gladheidsbestrijding met opslagkisten voor strooizout en zoutstrooiers.\" \/>\n<meta property=\"og:url\" content=\"https:\/\/vikingr.nl\/de\/\" \/>\n<meta property=\"og:site_name\" content=\"Vikingr\" \/>\n<meta property=\"article:modified_time\" content=\"2025-09-15T09:16:48+00:00\" \/>\n<meta property=\"og:image\" content=\"https:\/\/vikingr.nl\/wp-content\/uploads\/2023\/09\/Vikingr-CR25-Shot01.png\" \/>\n\t<meta property=\"og:image:width\" content=\"720\" \/>\n\t<meta property=\"og:image:height\" content=\"900\" \/>\n\t<meta property=\"og:image:type\" content=\"image\/png\" \/>\n<meta name=\"twitter:card\" content=\"summary_large_image\" \/>\n<meta name=\"twitter:label1\" content=\"Gesch\u00e4tzte Lesezeit\" \/>\n\t<meta name=\"twitter:data1\" content=\"3\u00a0Minuten\" \/>\n<script type=\"application\/ld+json\" class=\"yoast-schema-graph\">{\"@context\":\"https:\\\/\\\/schema.org\",\"@graph\":[{\"@type\":\"WebPage\",\"@id\":\"https:\\\/\\\/vikingr.nl\\\/de\\\/\",\"url\":\"https:\\\/\\\/vikingr.nl\\\/de\\\/\",\"name\":\"Vikingr Streuwagen und Streusalzbeh\u00e4lter\",\"isPartOf\":{\"@id\":\"https:\\\/\\\/vikingr.nl\\\/de\\\/#website\"},\"primaryImageOfPage\":{\"@id\":\"https:\\\/\\\/vikingr.nl\\\/de\\\/#primaryimage\"},\"image\":{\"@id\":\"https:\\\/\\\/vikingr.nl\\\/de\\\/#primaryimage\"},\"thumbnailUrl\":\"https:\\\/\\\/vikingr.nl\\\/wp-content\\\/uploads\\\/2023\\\/09\\\/Vikingr-CR25-Shot01.png\",\"datePublished\":\"2015-10-28T08:25:55+00:00\",\"dateModified\":\"2025-09-15T09:16:48+00:00\",\"description\":\"Vikingr Streuwagen und Salzbeh\u00e4lter Gladheidsbestrijding met opslagkisten voor strooizout en zoutstrooiers.\",\"breadcrumb\":{\"@id\":\"https:\\\/\\\/vikingr.nl\\\/de\\\/#breadcrumb\"},\"inLanguage\":\"de\",\"potentialAction\":[{\"@type\":\"ReadAction\",\"target\":[\"https:\\\/\\\/vikingr.nl\\\/de\\\/\"]}]},{\"@type\":\"ImageObject\",\"inLanguage\":\"de\",\"@id\":\"https:\\\/\\\/vikingr.nl\\\/de\\\/#primaryimage\",\"url\":\"https:\\\/\\\/vikingr.nl\\\/wp-content\\\/uploads\\\/2023\\\/09\\\/Vikingr-CR25-Shot01.png\",\"contentUrl\":\"https:\\\/\\\/vikingr.nl\\\/wp-content\\\/uploads\\\/2023\\\/09\\\/Vikingr-CR25-Shot01.png\",\"width\":720,\"height\":900,\"caption\":\"strooiwagen\"},{\"@type\":\"BreadcrumbList\",\"@id\":\"https:\\\/\\\/vikingr.nl\\\/de\\\/#breadcrumb\",\"itemListElement\":[{\"@type\":\"ListItem\",\"position\":1,\"name\":\"Home\",\"item\":\"https:\\\/\\\/vikingr.nl\\\/de\\\/\"},{\"@type\":\"ListItem\",\"position\":2,\"name\":\"Vikingr Streuwagen und Streusalzbeh\u00e4lter\"}]},{\"@type\":\"WebSite\",\"@id\":\"https:\\\/\\\/vikingr.nl\\\/de\\\/#website\",\"url\":\"https:\\\/\\\/vikingr.nl\\\/de\\\/\",\"name\":\"Vikingr\",\"description\":\"Zoutkisten en strooiwagens\",\"publisher\":{\"@id\":\"https:\\\/\\\/vikingr.nl\\\/de\\\/#organization\"},\"potentialAction\":[{\"@type\":\"SearchAction\",\"target\":{\"@type\":\"EntryPoint\",\"urlTemplate\":\"https:\\\/\\\/vikingr.nl\\\/de\\\/?s={search_term_string}\"},\"query-input\":{\"@type\":\"PropertyValueSpecification\",\"valueRequired\":true,\"valueName\":\"search_term_string\"}}],\"inLanguage\":\"de\"},{\"@type\":\"Organization\",\"@id\":\"https:\\\/\\\/vikingr.nl\\\/de\\\/#organization\",\"name\":\"Vikingr\",\"url\":\"https:\\\/\\\/vikingr.nl\\\/de\\\/\",\"logo\":{\"@type\":\"ImageObject\",\"inLanguage\":\"de\",\"@id\":\"https:\\\/\\\/vikingr.nl\\\/de\\\/#\\\/schema\\\/logo\\\/image\\\/\",\"url\":\"https:\\\/\\\/vikingr.nl\\\/wp-content\\\/uploads\\\/2020\\\/12\\\/cropped-logo.png\",\"contentUrl\":\"https:\\\/\\\/vikingr.nl\\\/wp-content\\\/uploads\\\/2020\\\/12\\\/cropped-logo.png\",\"width\":131,\"height\":71,\"caption\":\"Vikingr\"},\"image\":{\"@id\":\"https:\\\/\\\/vikingr.nl\\\/de\\\/#\\\/schema\\\/logo\\\/image\\\/\"}}]}<\/script>\n<!-- \/ Yoast SEO plugin. -->","yoast_head_json":{"title":"Vikingr Streuwagen und Streusalzbeh\u00e4lter","description":"Vikingr Streuwagen und Salzbeh\u00e4lter Gladheidsbestrijding met opslagkisten voor strooizout en zoutstrooiers.","robots":{"index":"index","follow":"follow","max-snippet":"max-snippet:-1","max-image-preview":"max-image-preview:large","max-video-preview":"max-video-preview:-1"},"canonical":"https:\/\/vikingr.nl\/de\/","og_locale":"de_DE","og_type":"article","og_title":"Vikingr Streuwagen und Streusalzbeh\u00e4lter","og_description":"Vikingr Streuwagen und Salzbeh\u00e4lter Gladheidsbestrijding met opslagkisten voor strooizout en zoutstrooiers.","og_url":"https:\/\/vikingr.nl\/de\/","og_site_name":"Vikingr","article_modified_time":"2025-09-15T09:16:48+00:00","og_image":[{"width":720,"height":900,"url":"https:\/\/vikingr.nl\/wp-content\/uploads\/2023\/09\/Vikingr-CR25-Shot01.png","type":"image\/png"}],"twitter_card":"summary_large_image","twitter_misc":{"Gesch\u00e4tzte Lesezeit":"3\u00a0Minuten"},"schema":{"@context":"https:\/\/schema.org","@graph":[{"@type":"WebPage","@id":"https:\/\/vikingr.nl\/de\/","url":"https:\/\/vikingr.nl\/de\/","name":"Vikingr Streuwagen und Streusalzbeh\u00e4lter","isPartOf":{"@id":"https:\/\/vikingr.nl\/de\/#website"},"primaryImageOfPage":{"@id":"https:\/\/vikingr.nl\/de\/#primaryimage"},"image":{"@id":"https:\/\/vikingr.nl\/de\/#primaryimage"},"thumbnailUrl":"https:\/\/vikingr.nl\/wp-content\/uploads\/2023\/09\/Vikingr-CR25-Shot01.png","datePublished":"2015-10-28T08:25:55+00:00","dateModified":"2025-09-15T09:16:48+00:00","description":"Vikingr Streuwagen und Salzbeh\u00e4lter Gladheidsbestrijding met opslagkisten voor strooizout en zoutstrooiers.","breadcrumb":{"@id":"https:\/\/vikingr.nl\/de\/#breadcrumb"},"inLanguage":"de","potentialAction":[{"@type":"ReadAction","target":["https:\/\/vikingr.nl\/de\/"]}]},{"@type":"ImageObject","inLanguage":"de","@id":"https:\/\/vikingr.nl\/de\/#primaryimage","url":"https:\/\/vikingr.nl\/wp-content\/uploads\/2023\/09\/Vikingr-CR25-Shot01.png","contentUrl":"https:\/\/vikingr.nl\/wp-content\/uploads\/2023\/09\/Vikingr-CR25-Shot01.png","width":720,"height":900,"caption":"strooiwagen"},{"@type":"BreadcrumbList","@id":"https:\/\/vikingr.nl\/de\/#breadcrumb","itemListElement":[{"@type":"ListItem","position":1,"name":"Home","item":"https:\/\/vikingr.nl\/de\/"},{"@type":"ListItem","position":2,"name":"Vikingr Streuwagen und Streusalzbeh\u00e4lter"}]},{"@type":"WebSite","@id":"https:\/\/vikingr.nl\/de\/#website","url":"https:\/\/vikingr.nl\/de\/","name":"Vikingr","description":"Zoutkisten en strooiwagens","publisher":{"@id":"https:\/\/vikingr.nl\/de\/#organization"},"potentialAction":[{"@type":"SearchAction","target":{"@type":"EntryPoint","urlTemplate":"https:\/\/vikingr.nl\/de\/?s={search_term_string}"},"query-input":{"@type":"PropertyValueSpecification","valueRequired":true,"valueName":"search_term_string"}}],"inLanguage":"de"},{"@type":"Organization","@id":"https:\/\/vikingr.nl\/de\/#organization","name":"Vikingr","url":"https:\/\/vikingr.nl\/de\/","logo":{"@type":"ImageObject","inLanguage":"de","@id":"https:\/\/vikingr.nl\/de\/#\/schema\/logo\/image\/","url":"https:\/\/vikingr.nl\/wp-content\/uploads\/2020\/12\/cropped-logo.png","contentUrl":"https:\/\/vikingr.nl\/wp-content\/uploads\/2020\/12\/cropped-logo.png","width":131,"height":71,"caption":"Vikingr"},"image":{"@id":"https:\/\/vikingr.nl\/de\/#\/schema\/logo\/image\/"}}]}},"_links":{"self":[{"href":"https:\/\/vikingr.nl\/de\/wp-json\/wp\/v2\/pages\/5507","targetHints":{"allow":["GET"]}}],"collection":[{"href":"https:\/\/vikingr.nl\/de\/wp-json\/wp\/v2\/pages"}],"about":[{"href":"https:\/\/vikingr.nl\/de\/wp-json\/wp\/v2\/types\/page"}],"author":[{"embeddable":true,"href":"https:\/\/vikingr.nl\/de\/wp-json\/wp\/v2\/users\/1"}],"replies":[{"embeddable":true,"href":"https:\/\/vikingr.nl\/de\/wp-json\/wp\/v2\/comments?post=5507"}],"version-history":[{"count":9,"href":"https:\/\/vikingr.nl\/de\/wp-json\/wp\/v2\/pages\/5507\/revisions"}],"predecessor-version":[{"id":5661,"href":"https:\/\/vikingr.nl\/de\/wp-json\/wp\/v2\/pages\/5507\/revisions\/5661"}],"wp:featuredmedia":[{"embeddable":true,"href":"https:\/\/vikingr.nl\/de\/wp-json\/wp\/v2\/media\/5299"}],"wp:attachment":[{"href":"https:\/\/vikingr.nl\/de\/wp-json\/wp\/v2\/media?parent=5507"}],"curies":[{"name":"wp","href":"https:\/\/api.w.org\/{rel}","templated":true}]}}